{"id":9761,"date":"2021-06-24T12:14:44","date_gmt":"2021-06-24T10:14:44","guid":{"rendered":"http:\/\/www.liceuldeartams.ro\/rezultate-evaluarea-nationala\/"},"modified":"2022-06-23T11:30:04","modified_gmt":"2022-06-23T09:30:04","slug":"rezultate-evaluarea-nationala","status":"publish","type":"page","link":"https:\/\/www.liceuldeartams.ro\/hu\/rezultate-evaluarea-nationala\/","title":{"rendered":"Rezultate Evaluarea Nationala"},"content":{"rendered":"<h3><u><b>Rezultate Evaluarea Na\u021bional\u0103 2022<\/b><\/u><\/h3>\n<hr \/>\n<h4><b><u>DATA: 23.06.2022\u00a0<\/u><\/p>\n<h5><b><a href=\"http:\/\/www.liceuldeartams.ro\/wp-content\/uploads\/2022\/06\/Lista_notelor_Evaluarea_Nationala_2022.pdf\">LISTA NOTELOR EVALUAREA NA\u0162IONAL\u0102 2022 &#8211; \u00cenainte de contesta\u021bii<\/a><\/b><\/h5>\n<hr>\n<h3><u><b>Rezultate Evaluarea Na\u021bional\u0103 2021<\/b><\/u><\/h3>\n<hr>\n<p><b><a href=\"\/wp-content\/uploads\/2021\/07\/Rezultate_Evaluarea_Nationala__2021.pdf\">REZULTATELE LA EVALUAREA NA\u021aIONAL\u0102 2021 &#8211; DUP\u0102 DE CONTESTA\u021aII<\/a><\/b><\/p>\n<hr>\n<hr>\n<h4><b><u>ANUN\u021a DEPUNERE CERERE DE VIZUALIZARE LUCR\u0102RI &#8211; Evaluare Na\u021bional\u0103 2021<\/u><\/b><\/h4>\n<p>Program pentru depunerea cererilor \u00een vederea vizualiz\u0103rii lucr\u0103rilor de <b>Evaluare Na\u021bional\u0103 este 15-16 iulie 2021 \u00eentre orele 10,00-13,00<\/b> la secretariatul Liceului Voca\u021bional de Art\u0103.<\/p>\n<p>Data planificat\u0103 pentru vizualizare este 26.07.2021, \u00een intervalul orar 12,00-15,00 la <b>ISJ MURE\u0218, Sala 200.<\/b><\/p>\n<hr>\n<p><b><a href=\"\/wp-content\/uploads\/2021\/06\/Rezultate_Evaluarea_Nationala_2021.pdf\">REZULTATELE LA EVALUAREA NA\u021aIONAL\u0102 2021 &#8211; \u00ceNAINTE DE CONTESTA\u021aII<\/a><\/b><\/p>\n<hr>\n<h4><b><u>ANUN\u021a CONTESTA\u021aII &#8211; Evaluarea Na\u021bional\u0103 2021<\/u><\/b><\/h4>\n<p>Depunerea contesta\u021biilor pentru Evaluarea Na\u021bional\u0103 se va desf\u0103\u0219ura dup\u0103 urm\u0103torul program:<\/p>\n<p>&#8211; MAR\u021aI, 29.06.2020, \u00eentre orele 16:00 &#8211; 19:00 \u00een cl\u0103direa 1 din str. Revolu\u021biei, nr. 9 &#8211; Sala de informatic\u0103, etaj I, nr. 16<\/p>\n<p>&#8211; MIERCURI, 30.06.2020, \u00eentre orele 8:00 &#8211; 12:00 \u00een cl\u0103direa 2 din str. M\u0103r\u0103\u0219ti, nr. 8A &#8211; Parter<\/p>\n<p>sau<\/p>\n<p>pe adresa de e-mail <b>contestatie_en@liceuldeartams.ro<\/b> conform programului de depunere a contesta\u021biilor<\/p>\n<hr>\n<hr>\n<p><b><a href=\"\/wp-content\/uploads\/2021\/06\/Cerere_contestatii_EN2021.pdf\">Cerere_contestatii_EN2021.pdf<\/a><\/b><\/p>\n<hr>\n<hr>\n","protected":false},"excerpt":{"rendered":"<p>Rezultate Evaluarea Na\u021bional\u0103 2022 DATA: 23.06.2022\u00a0 LISTA NOTELOR EVALUAREA NA\u0162IONAL\u0102 2022 &#8211; \u00cenainte de contesta\u021bii Rezultate Evaluarea Na\u021bional\u0103 2021 REZULTATELE LA EVALUAREA NA\u021aIONAL\u0102 2021 &#8211; DUP\u0102 DE CONTESTA\u021aII ANUN\u021a DEPUNERE CERERE DE VIZUALIZARE LUCR\u0102RI &#8211; Evaluare Na\u021bional\u0103 2021 Program pentru depunerea cererilor \u00een vederea vizualiz\u0103rii lucr\u0103rilor de Evaluare Na\u021bional\u0103 este 15-16 iulie 2021 \u00eentre orele&#8230;<\/p>\n","protected":false},"author":3,"featured_media":0,"parent":0,"menu_order":0,"comment_status":"closed","ping_status":"closed","template":"","meta":{"footnotes":""},"class_list":["post-9761","page","type-page","status-publish","hentry"],"_links":{"self":[{"href":"https:\/\/www.liceuldeartams.ro\/hu\/wp-json\/wp\/v2\/pages\/9761","targetHints":{"allow":["GET"]}}],"collection":[{"href":"https:\/\/www.liceuldeartams.ro\/hu\/wp-json\/wp\/v2\/pages"}],"about":[{"href":"https:\/\/www.liceuldeartams.ro\/hu\/wp-json\/wp\/v2\/types\/page"}],"author":[{"embeddable":true,"href":"https:\/\/www.liceuldeartams.ro\/hu\/wp-json\/wp\/v2\/users\/3"}],"replies":[{"embeddable":true,"href":"https:\/\/www.liceuldeartams.ro\/hu\/wp-json\/wp\/v2\/comments?post=9761"}],"version-history":[{"count":10,"href":"https:\/\/www.liceuldeartams.ro\/hu\/wp-json\/wp\/v2\/pages\/9761\/revisions"}],"predecessor-version":[{"id":10994,"href":"https:\/\/www.liceuldeartams.ro\/hu\/wp-json\/wp\/v2\/pages\/9761\/revisions\/10994"}],"wp:attachment":[{"href":"https:\/\/www.liceuldeartams.ro\/hu\/wp-json\/wp\/v2\/media?parent=9761"}],"curies":[{"name":"wp","href":"https:\/\/api.w.org\/{rel}","templated":true}]}}