{"id":949,"date":"2017-02-16T15:17:35","date_gmt":"2017-02-16T13:17:35","guid":{"rendered":"http:\/\/www.liceuldeartams.ro\/?page_id=949"},"modified":"2026-04-21T14:37:34","modified_gmt":"2026-04-21T12:37:34","slug":"metodologie_arteplastice_iv","status":"publish","type":"page","link":"https:\/\/www.liceuldeartams.ro\/hu\/metodologie_arteplastice_iv\/","title":{"rendered":"Metodologie arte plastice clasa a V-a"},"content":{"rendered":"<hr \/>\n<p><a href=\"http:\/\/www.liceuldeartams.ro\/wp-content\/uploads\/2026\/04\/Admitere_V_Arte_Plastice_RO.jpeg\"><br \/>\n<img decoding=\"async\" src=\"http:\/\/www.liceuldeartams.ro\/wp-content\/uploads\/2026\/04\/Admitere_V_Arte_Plastice_RO.jpeg\" alt=\"Admitere_V_Arte_Plastice_RO.jpeg\" \/><br \/>\n<\/a><\/p>\n<hr \/>\n<p><a href=\"http:\/\/www.liceuldeartams.ro\/wp-content\/uploads\/2026\/04\/Admitere_V_Arte_Plastice_MA.jpeg\"><br \/>\n<img decoding=\"async\" src=\"http:\/\/www.liceuldeartams.ro\/wp-content\/uploads\/2026\/04\/Admitere_V_Arte_Plastice_MA.jpeg\" alt=\"Admitere_V_Arte_Plastice_MA.jpeg\" \/><br \/>\n<\/a><\/p>\n<hr \/>\n<p><a href=\"http:\/\/www.liceuldeartams.ro\/wp-content\/uploads\/2025\/06\/admitere_V_plastica__septembrie_01.jpg\"><br \/>\n<img decoding=\"async\" src=\"http:\/\/www.liceuldeartams.ro\/wp-content\/uploads\/2025\/06\/admitere_V_plastica__septembrie_01.jpg\" alt=\"admitere_V_plastica__septembrie_01.jpg\" \/><br \/>\n<\/a><\/p>\n<hr \/>\n<h4><b><u>DATA: 16.06.2025<\/u><\/b><\/h4>\n<h5><b><a href=\"http:\/\/www.liceuldeartams.ro\/wp-content\/uploads\/2025\/06\/CALENDAR_ADM_Gimnaziu_Liceu_IUNIE_2025.pdf\">CALENDAR ADMITERE GIMNAZIU \/ LICEU &#8211; IUNIE 2025<\/a><\/b><\/h5>\n<hr \/>\n<h4><b><u>DATA: 17.03.2025\u00a0<\/u><\/h4>\n<h5><b><a href=\"http:\/\/www.liceuldeartams.ro\/wp-content\/uploads\/2025\/03\/Pregatiri_Admitere_V_ArtePlastice_2025.pdf\">PREG\u0102TIRI PENTRU ADMITERE IN CLASA A V-A, SPECIALIZAREA ARTE PLASTICE &#8211; 2025-2026<\/a><\/b><\/p>\n<hr \/>\n<h4><b><u>DATA: 06.06.2024<\/u><\/b><\/p>\n<h5><b><a href=\"http:\/\/www.liceuldeartams.ro\/wp-content\/uploads\/2024\/06\/Examene_de_diferenta_ARTE_PLASTICE_Gimnaziu_Liceu_2024.pdf\">EXAMEN DE ADMITERE DIFEREN\u021a\u0102 &#8211; Arte plastice \u0219i Arhitectur\u0103 &#8211; GIMNAZIU \/ LICEU 2024<\/a><\/b><\/p>\n<hr \/>\n<h4><b><u>DATA: 22.05.2024<\/u><\/b><\/h4>\n<h5><b><a href=\"http:\/\/www.liceuldeartams.ro\/wp-content\/uploads\/2024\/05\/afis_adm_V_si_dif_ARTE_PLASTICE_2024.pdf\">EXAMEN DE ADMITERE \u00een clasa a V-a \u0219i EXAMEN DE ADMITERE DIFEREN\u021a\u0102 pentru clasele VI, VII, VIII specializarea ARTE PLASTICE &#8211; 2024<\/a><\/b><\/p>\n<hr \/>\n<h4><b><u> DATA: 12.03.2024<\/u><\/b><\/p>\n<h5><b><a href=\"http:\/\/www.liceuldeartams.ro\/wp-content\/uploads\/2024\/03\/PREGATIRI_AP_ARH_5_2024.pdf\">PREG\u0102TIRI PENTRU ADMITERE IN CLASA A V-A, SPECIALIZAREA ARTE PLASTICE &#8211; 2024-2025<\/a><\/b><\/h5>\n<hr \/>\n<h4><b><u>DATA: 06.06.2023<\/u><\/b><\/p>\n<h5><b><a href=\"http:\/\/www.liceuldeartams.ro\/wp-content\/uploads\/2023\/06\/Examene_de_diferenta_AP_ARH_6_8_06_2023.pdf\">ORAR &#8211; Examen de diferen\u021b\u0103 &#8211; Arte plastice \u0219i Arhitectur\u0103 &#8211; 6-8.06.2023<\/a><\/b><\/p>\n<hr \/>\n<h4><b><u>DATA: 08.05.2023<\/u><\/b><\/h4>\n<p><img decoding=\"async\" src=\"http:\/\/www.liceuldeartams.ro\/wp-content\/uploads\/2023\/05\/Admitere__V__2023.jpeg\" alt=\"\"><\/p>\n<hr \/>\n<p><img decoding=\"async\" src=\"http:\/\/www.liceuldeartams.ro\/wp-content\/uploads\/2023\/03\/Pregatiri_AP_V.jpg\" alt=\"Preg\u0103tiri pentru probele de aptitudini clasa V  S\u00e2mb\u0103t\u0103, 22, 29 aprilie, 6 mai 2023, Orele 9-12 Sec\u021bia Rom\u00e2n\u0103 + Maghiar\u0103 la Atelierele de pe str. M\u0103r\u0103\u0219ti 8\/A\" \/><\/p>\n<hr \/>\n<h4><b><u>DATA: 17.05.2022<\/u><\/b><\/h4>\n<h4><b><a href=\"http:\/\/www.liceuldeartams.ro\/wp-content\/uploads\/2022\/05\/examen_diferenta_IUNIE_2022.pdf\">EXAMEN DE DIFERENTA 2022<\/a><\/b><\/h4>\n<h4><b><a href=\"http:\/\/www.liceuldeartams.ro\/wp-content\/uploads\/2022\/05\/PROGRAM_ADMITERE_2022__XI_V.pdf\">PROCEDURA DE DESF\u0102\u015eURARE A PROBELOR DE APTITUDINI PENTRU ADMITEREA \u00ceN CLASA A V-A SI CLASA A IX-A 2022<\/a><\/b><\/h4>\n<hr \/>\n<h4><b><u>DATA: 13.05.2022<\/u><\/b><\/h4>\n<p><img decoding=\"async\" src=\"http:\/\/www.liceuldeartams.ro\/wp-content\/uploads\/2022\/05\/Admitere_V__2022.jpg\" alt=\"Afi\u0219 Admitere \u00een clasa a V-a - 2022\" \/><\/p>\n","protected":false},"excerpt":{"rendered":"<p>DATA: 16.06.2025 CALENDAR ADMITERE GIMNAZIU \/ LICEU &#8211; IUNIE 2025 DATA: 17.03.2025\u00a0 PREG\u0102TIRI PENTRU ADMITERE IN CLASA A V-A, SPECIALIZAREA ARTE PLASTICE &#8211; 2025-2026 DATA: 06.06.2024 EXAMEN DE ADMITERE DIFEREN\u021a\u0102 &#8211; Arte plastice \u0219i Arhitectur\u0103 &#8211; GIMNAZIU \/ LICEU 2024 DATA: 22.05.2024 EXAMEN DE ADMITERE \u00een clasa a V-a \u0219i EXAMEN DE ADMITERE DIFEREN\u021a\u0102 pentru&#8230;<\/p>\n","protected":false},"author":1,"featured_media":0,"parent":0,"menu_order":0,"comment_status":"closed","ping_status":"closed","template":"","meta":{"footnotes":""},"class_list":["post-949","page","type-page","status-publish","hentry"],"_links":{"self":[{"href":"https:\/\/www.liceuldeartams.ro\/hu\/wp-json\/wp\/v2\/pages\/949","targetHints":{"allow":["GET"]}}],"collection":[{"href":"https:\/\/www.liceuldeartams.ro\/hu\/wp-json\/wp\/v2\/pages"}],"about":[{"href":"https:\/\/www.liceuldeartams.ro\/hu\/wp-json\/wp\/v2\/types\/page"}],"author":[{"embeddable":true,"href":"https:\/\/www.liceuldeartams.ro\/hu\/wp-json\/wp\/v2\/users\/1"}],"replies":[{"embeddable":true,"href":"https:\/\/www.liceuldeartams.ro\/hu\/wp-json\/wp\/v2\/comments?post=949"}],"version-history":[{"count":25,"href":"https:\/\/www.liceuldeartams.ro\/hu\/wp-json\/wp\/v2\/pages\/949\/revisions"}],"predecessor-version":[{"id":12552,"href":"https:\/\/www.liceuldeartams.ro\/hu\/wp-json\/wp\/v2\/pages\/949\/revisions\/12552"}],"wp:attachment":[{"href":"https:\/\/www.liceuldeartams.ro\/hu\/wp-json\/wp\/v2\/media?parent=949"}],"curies":[{"name":"wp","href":"https:\/\/api.w.org\/{rel}","templated":true}]}}