{"id":761,"date":"2017-02-13T15:00:11","date_gmt":"2017-02-13T13:00:11","guid":{"rendered":"http:\/\/www.liceuldeartams.ro\/?page_id=761"},"modified":"2026-04-07T09:24:49","modified_gmt":"2026-04-07T07:24:49","slug":"concursuri","status":"publish","type":"page","link":"https:\/\/www.liceuldeartams.ro\/hu\/concursuri\/","title":{"rendered":"Concursuri"},"content":{"rendered":"<hr \/>\n<p><H4><B> Concurs de interpretare instrumental\u0103 &#8222;Tineri Instrumenti\u0219ti&#8221;, a XV-a edi\u021bie 6-7 Iunie 2026, T\u00eergu Mure\u0219, Rom\u00e2nia <\/H4><br \/>\nActualizare: 07.04.2026<br \/>\n<!--\n<a href=\"http:\/\/www.liceuldeartams.ro\/wp-content\/uploads\/2025\/05\/REZULTATE__TINERI_INSTRUMENTISTI_2025.pdf\">REZULTATE - CONCURS DE INTERPRETARE INSTRUMENTAL\u0102 TINERI INSTRUMENTISTI, editia a XV-a, 8-9 Mai 2026, T\u00c2RGU-MURE\u0218<\/a>\n\n\n<hr>\n\n\n<a href=\"http:\/\/www.liceuldeartams.ro\/wp-content\/uploads\/2025\/05\/PROGRAMARE_CONCURENTI_TINERI_INSTRUMENTISTI_CNA_2025.pdf\">PROGRAMARE - CONCURS DE INTERPRETARE INSTRUMENTAL\u0102 TINERI INSTRUMENTISTI, editia a XIV-a, 16-18 Mai 2025, T\u00c2RGU-MURE\u0218<\/a>\n\n\n\n<h5><b>Stima\u021bi concuren\u021bi, sec\u021biunea pian din formular nu mai este activ\u0103! Din motive \u00eentemeiate, care \u021bin strict de organizare, nu se mai pot primi \u00eenscrieri la acest instrument.\n   Anun\u021bul referitor la acest lucru a fost postat pe pagina de Facebook a concursului \u00een data de 15 aprilie.\n   Continu\u0103m s\u0103 primim \u00eenscrieri la vioar\u0103, chitar\u0103, flaut \u0219i clarinet.\n\nV\u0103 mul\u021bumim pentru\u00a0\u00een\u021belegere!<\/b><\/h5>\n\n\n\n\n<hr>\n\n\n--><br \/>\n<a href=\"http:\/\/www.liceuldeartams.ro\/wp-content\/uploads\/2026\/04\/regulament_TIN_INSTR_2026_IUNIE.pdf\">REGULAMENT &#8211; Concurs de interpretare instrumental\u0103 &#8222;Tineri Instrumenti\u0219ti&#8221;, a XV-a edi\u021bie 6-7 Iunie 2026<\/a><\/p>\n<p><img decoding=\"async\" src=\"http:\/\/www.liceuldeartams.ro\/wp-content\/uploads\/2026\/04\/AfisTineriInstrumentisti2026.jpeg\" alt=\"Concurs de interpretare instrumental\u0103 \"Tineri Instrumenti\u0219ti\", a XV-a edi\u021bie 6-7 Iunie 2026, T\u00eergu Mure\u0219, Rom\u00e2nia\" \/><br \/>\n<H5><a href=\"https:\/\/www.facebook.com\/profile.php?id=100065272009558\"><B>Spre pagina Facebook &#8211; Concurs de interpretare instrumental\u0103 &#8222;Tineri Instrumenti\u0219ti&#8221;<\/B><\/a><\/H5><\/p>\n","protected":false},"excerpt":{"rendered":"<p>Concurs de interpretare instrumental\u0103 &#8222;Tineri Instrumenti\u0219ti&#8221;, a XV-a edi\u021bie 6-7 Iunie 2026, T\u00eergu Mure\u0219, Rom\u00e2nia Actualizare: 07.04.2026 REGULAMENT &#8211; Concurs de interpretare instrumental\u0103 &#8222;Tineri Instrumenti\u0219ti&#8221;, a XV-a edi\u021bie 6-7 Iunie 2026 Spre pagina Facebook &#8211; Concurs de interpretare instrumental\u0103 &#8222;Tineri Instrumenti\u0219ti&#8221;<\/p>\n","protected":false},"author":1,"featured_media":0,"parent":0,"menu_order":0,"comment_status":"closed","ping_status":"closed","template":"","meta":{"footnotes":""},"class_list":["post-761","page","type-page","status-publish","hentry"],"_links":{"self":[{"href":"https:\/\/www.liceuldeartams.ro\/hu\/wp-json\/wp\/v2\/pages\/761","targetHints":{"allow":["GET"]}}],"collection":[{"href":"https:\/\/www.liceuldeartams.ro\/hu\/wp-json\/wp\/v2\/pages"}],"about":[{"href":"https:\/\/www.liceuldeartams.ro\/hu\/wp-json\/wp\/v2\/types\/page"}],"author":[{"embeddable":true,"href":"https:\/\/www.liceuldeartams.ro\/hu\/wp-json\/wp\/v2\/users\/1"}],"replies":[{"embeddable":true,"href":"https:\/\/www.liceuldeartams.ro\/hu\/wp-json\/wp\/v2\/comments?post=761"}],"version-history":[{"count":45,"href":"https:\/\/www.liceuldeartams.ro\/hu\/wp-json\/wp\/v2\/pages\/761\/revisions"}],"predecessor-version":[{"id":12465,"href":"https:\/\/www.liceuldeartams.ro\/hu\/wp-json\/wp\/v2\/pages\/761\/revisions\/12465"}],"wp:attachment":[{"href":"https:\/\/www.liceuldeartams.ro\/hu\/wp-json\/wp\/v2\/media?parent=761"}],"curies":[{"name":"wp","href":"https:\/\/api.w.org\/{rel}","templated":true}]}}