{"id":2710,"date":"2017-04-05T14:14:58","date_gmt":"2017-04-05T12:14:58","guid":{"rendered":"http:\/\/www.liceuldeartams.ro\/?page_id=2710"},"modified":"2021-06-17T09:16:16","modified_gmt":"2021-06-17T07:16:16","slug":"calendar","status":"publish","type":"page","link":"https:\/\/www.liceuldeartams.ro\/hu\/calendar\/","title":{"rendered":"calendar"},"content":{"rendered":"<h3>CALENDARUL ADMITERII<\/h3>\n<hr>\n<h4><u>CALENDARUL ADMITERII PENTRU ANUL \u0218COLAR 2021-2022<\/u><\/h4>\n<ul>\n<li><a href=\"https:\/\/www.edums.ro\/admitere2021.php\">INFORMA\u021aII PENTRU ADMITEREA \u00ceN LICEU 2021<\/a><\/li>\n<li><a href=\"\/wp-content\/uploads\/2021\/05\/AZ_ALKALMASS\u00c1GI_VIZSG\u00c1K_ID\u0150PONTJA_1__2021.pdf\">AZ ALKALMASS\u00c1GI VIZSG\u00c1K ID\u0150PONTJA 1. OSZT\u00c1LY SZ\u00c1M\u00c1RA, 2021-2022 TAN\u00c9VRE<\/a><\/li>\n<li><a href=\"\/wp-content\/uploads\/2021\/05\/AZ_ALKALMASS\u00c1GI_VIZSG\u00c1K_ID\u0150PONTJA_5.pdf\">AZ ALKALMASS\u00c1GI VIZSG\u00c1K ID\u0150PONTJA 5. OSZT\u00c1LY SZ\u00c1M\u00c1RA, K\u00dcL\u00d6NB\u00d6ZETI VIZSG\u00c1K 6. OSZT\u00c1LY SZ\u00c1M\u00c1RA 2021-2022 TAN\u00c9VRE<\/a><\/li>\n<li><a href=\"\/wp-content\/uploads\/2021\/06\/Regulament_probele_de_aptitudini_AP_cl_5__MA.pdf\">Az 5. oszt\u00e1lyos k\u00e9szs\u00e9gfelm\u00e9r\u0151 vizsg\u00e1k menet\u00e9nek szab\u00e1lyzata<\/a><\/li>\n<li><a href=\"\/wp-content\/uploads\/2021\/05\/PROBE_DE_APTITUDINI_MUZ_IX_MA_2021.pdf\">A k\u00e9szs\u00e9gfelm\u00e9r\u0151 vizsg\u00e1k id\u0151pontja a M\u0171v\u00e9szeti Szakl\u00edceum ZENE szak\u00e1ra IX. oszt\u00e1lyba felv\u00e9teliz\u0151k sz\u00e1m\u00e1ra &#8211; magyar \u00e9s rom\u00e1n tagozatra<\/a><\/li>\n<li><a href=\"\/wp-content\/uploads\/2021\/05\/Probe_de_apt_art_act_IX_MA_2021.pdf\">A k\u00e9szs\u00e9gfelm\u00e9r\u0151 vizsg\u00e1k id\u0151pontja a M\u0171v\u00e9szeti Szakl\u00edceum SZ\u00cdN\u00c9SZMESTERS\u00c9G szak\u00e1ra IX. oszt\u00e1lyba felv\u00e9teliz\u0151k sz\u00e1m\u00e1ra &#8211; magyar \u00e9s rom\u00e1n tagozatra<\/a><\/li>\n<li><a href=\"\/wp-content\/uploads\/2021\/05\/admitere_ARTE_PL_ARH_9_2021_ma.pdf\">A k\u00e9szs\u00e9gfelm\u00e9r\u0151 vizsg\u00e1k lezajl\u00e1sa a M\u0171v\u00e9szeti Szakl\u00edceum K\u00c9PZ\u0150M\u0170V\u00c9SZET \u00e9s M\u0170\u00c9P\u00cdT\u00c9SZET szak\u00e1ra IX. oszt\u00e1lyba felv\u00e9teliz\u0151k sz\u00e1m\u00e1ra &#8211; magyar \u00e9s rom\u00e1n tagozatra<br><\/a><\/li>\n<li><a href=\"http:\/\/www.liceuldeartams.ro\/wp-content\/uploads\/2021\/05\/Declaratie-pe-propria-raspundere.pdf\">Declaratie pe propria r\u0103spundere (pt. documente transmise prin mijloace electronice de comunicare)<\/a><\/li>\n<li><a href=\"http:\/\/www.liceuldeartams.ro\/wp-content\/uploads\/2021\/06\/DECLARATIE_Atesta_inregistrare_Candidat.pdf\">Declaratie pe propria r\u0103spundere &#8211; semnat\u0103 de candidat \u0219i de p\u0103rinte\/reprezentant legal, care s\u0103 ateste c\u0103 \u00eenregistrarea audio-video transmis\u0103 \u00een format digital apar\u021bine candidatului<\/a><\/li>\n<\/ul>\n<p>&nbsp;<\/p>\n<hr>\n<h4><u>CALENDARUL ADMITERII PENTRU ANUL \u0218COLAR 2020-2021<\/u><\/h4>\n<ul>\n<li><a href=\"https:\/\/www.edums.ro\/admitere2020.php\">INFORMA\u021aII PENTRU ADMITEREA \u00ceN LICEU<\/a><\/li>\n<\/ul>\n<hr>\n<ul>\n<li><a href=\"\/wp-content\/uploads\/2019\/02\/GRAFICUL_PROBELOR_DE_APTITUDINI_PENTRU_ANUL_\u0218COLAR_2019_2020.pdf\">GRAFICUL PROBELOR DE APTITUDINI PENTRU ANUL \u0218COLAR 2019-2020<\/a><\/li>\n<\/ul>\n<ul>\n<li><a href=\"\/wp-content\/uploads\/2019\/02\/GRAFICUL_PREG\u0102TIRILOR_GRATUITE_PENTRU_PROBELE_DE_APTITUDINI.pdf\">GRAFICUL PREG\u0102TIRILOR GRATUITE PENTRU PROBELE DE APTITUDINI<\/a><\/li>\n<\/ul>\n<hr>\n<ul>\n<li><a href=\"\/wp-content\/uploads\/2019\/02\/Calendar_clasa_pregatitoare_2019.pdf\">Calendarul activit\u0103\u0163ilor pentru \u00eenscrierea \u00een clasa preg\u0103titoare an \u015fcolar 2019-2020<\/a><\/li>\n<\/ul>\n<hr>\n<ul>\n<li><a href=\"\/wp-content\/uploads\/2019\/01\/Grafic_sustinere_examene_de_diferente_sesiunea_Ian_2019.pdf\">GRAFIC SUS\u021aINERE EXAMENE DE DIFEREN\u021aE SESIUNEA &#8211; Ianuarie 2019<\/a><\/li>\n<\/ul>\n<hr>\n<h4><u>CALENDARUL ADMITERII PENTRU ANUL \u0218COLAR 2018-2019 &#8211; ETAPA a II-a<\/u><\/h4>\n<ul>\n<li><a href=\"\/wp-content\/uploads\/2018\/07\/tabel_admitere_septembrie_2018.pdf\">CALENDARUL ADMITERII \u00ceN CLASA a IX-a &#8211; ETAPA a II-a &amp; CALENDARUL EXAMENELOR DE ADMITERE \u0219i DIFEREN\u021a\u0102 PT. ANUL \u0218COLAR 2018- 2019 PT. CICLUL GIMNAZIAL &#8211; ETAPA a II-a<\/a><\/li>\n<li><a href=\"\/wp-content\/uploads\/2018\/07\/Ex_dif_2018_sept_AP_si_ARH.pdf\">CALENDAR &#8211; Examen de diferen\u021b\u0103\u2013ciclul liceal &#8211; CATEDRA DE ARTE PLASTICE \u0218I ARHITECTUR\u0102<\/a><\/li>\n<li><a href=\"\/wp-content\/uploads\/2018\/07\/Ex_dif_2018_septembrie_Arta_Act.pdf\">CALENDAR &#8211; Examen de diferen\u021b\u0103\u2013ciclul liceal, clasele X-XI &#8211; CATEDRA DE ARTA ACTORULUI<\/a><br>\n<hr>\n<p><a href=\"\/wp-content\/uploads\/2018\/05\/admitere_V_PROBE_APTIT_2018.pdf\"><b>DESF\u0102\u0218URAREA PROBELOR DE APTITUDINI \u00ceN CLASA A V-A, A EXAMENULUI DE DIFEREN\u021aE \u00ceN CLASELE A VI-A, VII-A \u0218I A VIII-A \u2013 ANUL \u0218COLAR 2018-2019<\/b><\/a><\/p>\n<hr>\n<p><a href=\"\/wp-content\/uploads\/2018\/04\/admitere_IX_PROBE_APTITUDINI__2018.pdf\"><b>DESF\u0102\u0218URAREA PROBELOR DE APTITUDINI PENTRU ADMITEREA \u00ceN CLASA A IX-A \u2013 ANUL \u0218COLAR 2018-2019<\/b><\/a><\/p>\n<hr>\n<p><a href=\"\/wp-content\/uploads\/2018\/03\/GRAFICUL_PROBELOR_DE_APTITUDINI_2018-2019.pdf\"><b>GRAFICUL PROBELOR DE APTITUDINI &#8211; ANUL \u0218COLAR 2018-2019<\/b><\/a><\/p>\n<hr>\n<p><a href=\"\/wp-content\/uploads\/2018\/02\/Calendarul-clasa-preg-2018.pdf\"><b>Calendarul activit\u0103\u0163ilor pentru \u00eenscrierea \u00een clasa preg\u0103titoare an \u015fcolar 2018-2019<\/b><\/a><\/p>\n<hr>\n<p><a href=\"\/wp-content\/uploads\/2018\/02\/GRAFICUL_Pregatirilor_V_IX.pdf\"><b>GRAFICUL PREG\u0102TIRILOR GRATUITE PENTRU PROBELE DE APTITUDINI &#8211; ANUL \u0218COLAR 2018-2019<\/b><\/a><\/p>\n<hr><\/li>\n<\/ul>\n\n\n<p><\/p>\n","protected":false},"excerpt":{"rendered":"<p>CALENDARUL ADMITERII CALENDARUL ADMITERII PENTRU ANUL \u0218COLAR 2021-2022 INFORMA\u021aII PENTRU ADMITEREA \u00ceN LICEU 2021 AZ ALKALMASS\u00c1GI VIZSG\u00c1K ID\u0150PONTJA 1. OSZT\u00c1LY SZ\u00c1M\u00c1RA, 2021-2022 TAN\u00c9VRE AZ ALKALMASS\u00c1GI VIZSG\u00c1K ID\u0150PONTJA 5. OSZT\u00c1LY SZ\u00c1M\u00c1RA, K\u00dcL\u00d6NB\u00d6ZETI VIZSG\u00c1K 6. OSZT\u00c1LY SZ\u00c1M\u00c1RA 2021-2022 TAN\u00c9VRE Az 5. oszt\u00e1lyos k\u00e9szs\u00e9gfelm\u00e9r\u0151 vizsg\u00e1k menet\u00e9nek szab\u00e1lyzata A k\u00e9szs\u00e9gfelm\u00e9r\u0151 vizsg\u00e1k id\u0151pontja a M\u0171v\u00e9szeti Szakl\u00edceum ZENE szak\u00e1ra IX. oszt\u00e1lyba&#8230;<\/p>\n","protected":false},"author":3,"featured_media":0,"parent":0,"menu_order":0,"comment_status":"closed","ping_status":"closed","template":"","meta":{"footnotes":""},"class_list":["post-2710","page","type-page","status-publish","hentry"],"_links":{"self":[{"href":"https:\/\/www.liceuldeartams.ro\/hu\/wp-json\/wp\/v2\/pages\/2710","targetHints":{"allow":["GET"]}}],"collection":[{"href":"https:\/\/www.liceuldeartams.ro\/hu\/wp-json\/wp\/v2\/pages"}],"about":[{"href":"https:\/\/www.liceuldeartams.ro\/hu\/wp-json\/wp\/v2\/types\/page"}],"author":[{"embeddable":true,"href":"https:\/\/www.liceuldeartams.ro\/hu\/wp-json\/wp\/v2\/users\/3"}],"replies":[{"embeddable":true,"href":"https:\/\/www.liceuldeartams.ro\/hu\/wp-json\/wp\/v2\/comments?post=2710"}],"version-history":[{"count":17,"href":"https:\/\/www.liceuldeartams.ro\/hu\/wp-json\/wp\/v2\/pages\/2710\/revisions"}],"predecessor-version":[{"id":9599,"href":"https:\/\/www.liceuldeartams.ro\/hu\/wp-json\/wp\/v2\/pages\/2710\/revisions\/9599"}],"wp:attachment":[{"href":"https:\/\/www.liceuldeartams.ro\/hu\/wp-json\/wp\/v2\/media?parent=2710"}],"curies":[{"name":"wp","href":"https:\/\/api.w.org\/{rel}","templated":true}]}}