{"id":1625,"date":"2017-02-16T14:08:04","date_gmt":"2017-02-16T12:08:04","guid":{"rendered":"http:\/\/www.liceuldeartams.ro\/rezultate_clasa_0\/"},"modified":"2023-06-09T10:52:28","modified_gmt":"2023-06-09T08:52:28","slug":"rezultate_clasa_0-2","status":"publish","type":"page","link":"https:\/\/www.liceuldeartams.ro\/hu\/rezultate_clasa_0-2\/","title":{"rendered":"Rezultate clasa 0"},"content":{"rendered":"<hr \/>\n<h5><b><a href=\"http:\/\/www.liceuldeartams.ro\/wp-content\/uploads\/2023\/04\/Rezulta_Admitere_Clasa_Pregatitoare_2023_2024_RO.pdf\"> Rezultatul privind \u00eenscrierea \u00een \u00eenv\u0103\u021b\u0103m\u00e2ntul primar pentru anul \u0219colar 2023-2024 &#8211; sec\u021bia rom\u00e2n\u0103<\/a><\/b><\/h5>\n<h5><b><a href=\"http:\/\/www.liceuldeartams.ro\/wp-content\/uploads\/2023\/04\/Rezulta_Admitere_Clasa_Pregatitoare_2023_2024_MA.pdf\"> Rezultatul privind \u00eenscrierea \u00een \u00eenv\u0103\u021b\u0103m\u00e2ntul primar pentru anul \u0219colar 2023-2024 &#8211; sec\u021bia maghiar\u0103<\/a><\/b><\/h5>\n","protected":false},"excerpt":{"rendered":"<p>Rezultatul privind \u00eenscrierea \u00een \u00eenv\u0103\u021b\u0103m\u00e2ntul primar pentru anul \u0219colar 2023-2024 &#8211; sec\u021bia rom\u00e2n\u0103 Rezultatul privind \u00eenscrierea \u00een \u00eenv\u0103\u021b\u0103m\u00e2ntul primar pentru anul \u0219colar 2023-2024 &#8211; sec\u021bia maghiar\u0103<\/p>\n","protected":false},"author":1,"featured_media":0,"parent":0,"menu_order":0,"comment_status":"closed","ping_status":"closed","template":"","meta":{"footnotes":""},"class_list":["post-1625","page","type-page","status-publish","hentry"],"_links":{"self":[{"href":"https:\/\/www.liceuldeartams.ro\/hu\/wp-json\/wp\/v2\/pages\/1625","targetHints":{"allow":["GET"]}}],"collection":[{"href":"https:\/\/www.liceuldeartams.ro\/hu\/wp-json\/wp\/v2\/pages"}],"about":[{"href":"https:\/\/www.liceuldeartams.ro\/hu\/wp-json\/wp\/v2\/types\/page"}],"author":[{"embeddable":true,"href":"https:\/\/www.liceuldeartams.ro\/hu\/wp-json\/wp\/v2\/users\/1"}],"replies":[{"embeddable":true,"href":"https:\/\/www.liceuldeartams.ro\/hu\/wp-json\/wp\/v2\/comments?post=1625"}],"version-history":[{"count":2,"href":"https:\/\/www.liceuldeartams.ro\/hu\/wp-json\/wp\/v2\/pages\/1625\/revisions"}],"predecessor-version":[{"id":11389,"href":"https:\/\/www.liceuldeartams.ro\/hu\/wp-json\/wp\/v2\/pages\/1625\/revisions\/11389"}],"wp:attachment":[{"href":"https:\/\/www.liceuldeartams.ro\/hu\/wp-json\/wp\/v2\/media?parent=1625"}],"curies":[{"name":"wp","href":"https:\/\/api.w.org\/{rel}","templated":true}]}}