{"id":1606,"date":"2017-02-16T15:19:07","date_gmt":"2017-02-16T13:19:07","guid":{"rendered":"http:\/\/www.liceuldeartams.ro\/rezultate_artaactorului_ix\/"},"modified":"2022-05-23T12:54:21","modified_gmt":"2022-05-23T10:54:21","slug":"rezultate_artaactorului_ix-3","status":"publish","type":"page","link":"https:\/\/www.liceuldeartams.ro\/hu\/rezultate_artaactorului_ix-3\/","title":{"rendered":"Rezultate arta actorului clasa a IX-a"},"content":{"rendered":"<h4><b><u>DATA: 23.05.2022 <\/u><\/p>\n<h4><b>REZULTATELE LA PROBELE DE APTITUDINI PENTRU ADMITERE \u00ceN CLASA A IX-A VOR FI \u00ceNC\u0102RCATE PE WEBSITE DUP\u0102 ORA 14:00!<\/a><\/b><\/h4>\n<hr \/>\n<h5><b><a href=\"http:\/\/www.liceuldeartams.ro\/wp-content\/uploads\/2022\/05\/aptitudini_arta_actorului_RO_2022.pdf\">REZULTATE APTITUDINI ARTA ACTORULUI &#8211; SEC\u021aIA ROM\u00c2N\u0102 &#8211; 2022<\/a><\/b><\/h5>\n<h5><b><a href=\"http:\/\/www.liceuldeartams.ro\/wp-content\/uploads\/2022\/05\/aptitudini_arta_actorului_MA_2022.pdf\">REZULTATE APTITUDINI ARTA ACTORULUI &#8211; SEC\u021aIA MAGHIAR\u0102 &#8211; 2022<\/a><\/b><\/h5>\n<h5><b><a href=\"http:\/\/www.liceuldeartams.ro\/wp-content\/uploads\/2022\/05\/aptitudini_arta_actorului_MA_CES_2022.pdf\">REZULTATE APTITUDINI ARTA ACTORULUI &#8211; SEC\u021aIA MAGHIAR\u0102 &#8211; CES &#8211; 2022<\/a><\/b><\/h5>\n<p><!-- --><\/p>\n","protected":false},"excerpt":{"rendered":"<p>DATA: 23.05.2022 REZULTATELE LA PROBELE DE APTITUDINI PENTRU ADMITERE \u00ceN CLASA A IX-A VOR FI \u00ceNC\u0102RCATE PE WEBSITE DUP\u0102 ORA 14:00! REZULTATE APTITUDINI ARTA ACTORULUI &#8211; SEC\u021aIA ROM\u00c2N\u0102 &#8211; 2022 REZULTATE APTITUDINI ARTA ACTORULUI &#8211; SEC\u021aIA MAGHIAR\u0102 &#8211; 2022 REZULTATE APTITUDINI ARTA ACTORULUI &#8211; SEC\u021aIA MAGHIAR\u0102 &#8211; CES &#8211; 2022<\/p>\n","protected":false},"author":1,"featured_media":0,"parent":0,"menu_order":0,"comment_status":"closed","ping_status":"closed","template":"","meta":{"footnotes":""},"class_list":["post-1606","page","type-page","status-publish","hentry"],"_links":{"self":[{"href":"https:\/\/www.liceuldeartams.ro\/hu\/wp-json\/wp\/v2\/pages\/1606","targetHints":{"allow":["GET"]}}],"collection":[{"href":"https:\/\/www.liceuldeartams.ro\/hu\/wp-json\/wp\/v2\/pages"}],"about":[{"href":"https:\/\/www.liceuldeartams.ro\/hu\/wp-json\/wp\/v2\/types\/page"}],"author":[{"embeddable":true,"href":"https:\/\/www.liceuldeartams.ro\/hu\/wp-json\/wp\/v2\/users\/1"}],"replies":[{"embeddable":true,"href":"https:\/\/www.liceuldeartams.ro\/hu\/wp-json\/wp\/v2\/comments?post=1606"}],"version-history":[{"count":3,"href":"https:\/\/www.liceuldeartams.ro\/hu\/wp-json\/wp\/v2\/pages\/1606\/revisions"}],"predecessor-version":[{"id":10956,"href":"https:\/\/www.liceuldeartams.ro\/hu\/wp-json\/wp\/v2\/pages\/1606\/revisions\/10956"}],"wp:attachment":[{"href":"https:\/\/www.liceuldeartams.ro\/hu\/wp-json\/wp\/v2\/media?parent=1606"}],"curies":[{"name":"wp","href":"https:\/\/api.w.org\/{rel}","templated":true}]}}