{"id":1429,"date":"2017-02-28T15:37:44","date_gmt":"2017-02-28T13:37:44","guid":{"rendered":"http:\/\/www.liceuldeartams.ro\/?page_id=1429"},"modified":"2019-11-08T13:00:12","modified_gmt":"2019-11-08T11:00:12","slug":"comisie_metod_lucru","status":"publish","type":"page","link":"https:\/\/www.liceuldeartams.ro\/hu\/comisie_metod_lucru\/","title":{"rendered":"Comisii metodice \u0219i de lucru"},"content":{"rendered":"<hr>\n<p><b>COMISIILE METODICE DIN ANUL \u015eCOLAR 2019 \u2013 2020<\/b><\/p>\n<p>1. Comisia de Perfec\u0163ionare Metodic\u0103 \u015fi formare continu\u0103 (Comisia de echivalare a creditelor profesionale)<br \/>\nResponsabilul Comisiei: Prof. Moraru Mihai<\/p>\n<p>2. Comisia Metodic\u0103 a \u00cenv\u0103\u0163\u0103torilor &#8211; Sec\u0163ia rom\u00e2n\u0103<br \/>\nResponsabilul comisiei Prof. \u00eenv. pr. Negru\u0163 Iuliana<\/p>\n<p>3. Comisia Metodic\u0103 a \u00cenv\u0103\u0163\u0103torilor &#8211; Sec\u0163ia maghiar\u0103<br \/>\nResponsabilul comisiei: Prof. \u00eenv. pr. Csizmadi Csilla<\/p>\n<p>4. Comisia Metodic\u0103 a Dirigin\u0163ilor<br \/>\nResponsabilul comisiei: Prof. Mure\u015fan Laura &#8211; consilier educativ &#8211; sec\u021bia RO<br \/>\nProf. Biro Imre &#8211; sec\u021bia MA<\/p>\n<p>5. Comisia Catedrei de limb\u0103 \u015fi literatura rom\u00e2n\u0103<br \/>\nResponsabilul comisiei: Prof. Pantea Romana<\/p>\n<p>6. Comisia Catedrei de limb\u0103 \u015fi literatur\u0103 maghiar\u0103<br \/>\nResponsabilul comisiei: Prof. Kozma Edit<\/p>\n<p>7. Comisia Catedrei de Limbi moderne<br \/>\nResponsabilul comisiei: Prof. Oncescu Catinca<\/p>\n<p>8. Comisia Catedrei de \u015etiin\u0163e (matematic\u0103, biologie, info, ed. tehnologica)<br \/>\nResponsabilul comisiei: Prof. Balint Attila<\/p>\n<p>9. Comisia Catedrei Om \u015fi Societate (istorie, religie, cultura civic\u0103 \u015fi consilierul \u0219colar)<br \/>\nResponsabilul comisiei: Prof. Imre Zsolt &#8211; istorie<\/p>\n<p>10. Comisia Sportului \u0218colar<br \/>\nResponsabilul Comisiei: Prof. M\u0103rcu\u0219 Ioana<\/p>\n<p>11. Comisia Metodic\u0103 pt Consiliere Orientare \u015fi Activit\u0103\u0163i Extra\u015fcolare<br \/>\nResponsabilul comisiei: Prof. Mure\u015fan Laura &#8211; consilier educativ<\/p>\n<p>12. Comisia Metodic\u0103 a Ariei Curriculare Arte PIAN<br \/>\nResponsabilul comisiei: Prof. Moriczi Magdolna &#8211; pian<br \/>\nProf. Szakacs Maria &#8211; pian complementar<\/p>\n<p>13. Comisia Metodic\u0103 a Ariei Curriculare Arte INSTRUMENTE de SUFLAT<br \/>\nResponsabilul comisiei: Prof. Gered Jolan<\/p>\n<p>14. Comisia Metodic\u0103 a Ariei Curriculare Arte CANTO si ARTA ACTORULUI<br \/>\nResponsabilul comisiei: Prof. Madaras Ildiko<\/p>\n<p>15. Comisia Metodic\u0103 a Ariei Curriculare Arte Catredra: TEORIE &#8211; SOLFEGIU &#8211; DICTEU<br \/>\nResponsabilul comisiei: Prof. Poro\u0219nicu Anna<\/p>\n<p>16. Comisia Metodic\u0103 a Ariei Curriculare Arte Catedra: CORZI: vioar\u0103 \u015fi chitar\u0103<br \/>\nResponsabilul comisiei: Prof. Szonyi Zsuzsanna<\/p>\n<p>17. Comisia Metodic\u0103 a Ariei Curriculare Arte Catedra: ARTE PLASTICE<br \/>\nResponsabilul comisiei: Prof. K\u00e1lm\u00e1n Enik\u0151<\/p>\n<p>18. Comisia Metodic\u0103 a Ariei Curriculare Arte Catedra: ARHITECTUR\u0102<br \/>\nResponsabilul comisiei: Prof. C\u0103prit\u0103 Petre<\/p>\n<p>19. Comisia artistic\u0103 Olimpiade \u015fi concursuri<br \/>\nResponsabilul comisiei: Prof. Dr. Aved Eva &#8211; director adjunt<br \/>\nProf. Kolumban Kantor Zita<\/p>\n<p>20. Comisia de organizare a expozi\u0163iilor<br \/>\nResponsabilul Comisiei: Prof. K\u00e1lm\u00e1n Enik\u0151<\/p>\n<p>21. Comisia de organizare a concertelor<br \/>\nResponsabilul Comisiei: Prof. Dr. Aved Eva- director adjunct<\/p>\n<p><b>COMISIILE DE LUCRU DIN ANUL \u015eCOLAR 2019-2020<\/b><\/p>\n<p>1. Comisia de Evaluare \u015fi Asigurare a Calit\u0103\u0163ii \u00een \u015ecoal\u0103 (C.E.A.C.)<br \/>\nResponsabil comisie: Prof. Dr. Neme\u0219 Ioana<\/p>\n<p>2. Comisia pentru Control Managerial Intern S.C.M.I.<br \/>\nResponsabil comisie: Prof. Dr. Aved Eva &#8211; director adjunct<\/p>\n<p>3. Comisia pentru Prevenirea \u015fi Combaterea Violen\u0163ei \u00een Mediul \u015ecolar<br \/>\nResponsabil comisie Prof. Imre Zsolt<\/p>\n<p>4. Comisia pentru Prevenirea \u015fi Combaterea Absenteismului \u015fi abandonului \u015fcolar<br \/>\nResponsabil comisie: Prof. Costin Mihaela<\/p>\n<p>5. Comisia de lucru pentru PDI<br \/>\nResponsabil comisie: Prof. Grozav Diana Sabina &#8211; director<\/p>\n<p>6. Comisia de lucru pentru proiecte<br \/>\nResponsabil comisie: Prof. Grozav Diana Sabina &#8211; director &#8211; coordonator proiecte \u015fi programe educa\u021bionale europene<\/p>\n<p>7. Comisia de lucru pentru ROFUI<br \/>\nResponsabil comisie: Prof. Dr. Aved Eva &#8211; director adjunct<\/p>\n<p>8. Comisia de Cercetare a Abaterilor Disciplinare Elevi, personal didactic, didactic auxiliar, nedidactic<br \/>\nResponsabil comisie: Prof. Pantea Romana<\/p>\n<p>9. Comisia de Securitate \u015fi S\u0103n\u0103tate \u00een Munc\u0103, P.S.I., situa\u0163ii de urgen\u0163\u0103 (cutremure, inunda\u0163ii)<br \/>\nResponsabil comisie: Lassel Irina &#8211; administrator<\/p>\n<p>10. Comisia de Inventariere Anual\u0103 a Patrimoniului \u015ecolar<br \/>\nResponsabil comisie Prof. Dr. Aved Eva &#8211; director adjunct<\/p>\n<p>11. Comisia de receptie bunuri<br \/>\nResponsabil comisie: Prof. Ene Ovidiu Atanasiu &#8211; bibliotecar<\/p>\n<p>12. Comisia de casare, clasare \u015fi valorificare materiale<br \/>\nResponsabil comisie: Prof. Pui Adina<\/p>\n<p>13. Comisia de Orar, asigurarea serviciului pe \u015fcoal\u0103 si condica prezenta<br \/>\nResponsabil comisie: Balint Attila \u2013 responsabil orar<\/p>\n<p>14. Comisia de Organizare \u015fi Desf\u0103\u015furare a Examenelor de Corigen\u0163\u0103<br \/>\nResponsabil comisie: Profesorul desemnat prin decizie<\/p>\n<p>15. Comisia de Organizare \u015fi Desf\u0103\u015furare a Examenelor<br \/>\nResponsabil comisie: Profesorul desemnat prin decizie<\/p>\n<p>16. Comisia pentru Curriculum \u015fi C.D.\u015e.<br \/>\nResponsabil comisie: Prof. Grozav Diana Sabina &#8211; director<\/p>\n<p>17. Comisia pt ritmicitatea not\u0103rii<br \/>\nResponsabil comisie: Prof. Oncescu Catinca<\/p>\n<p>18. Comisia de gestionare S.I.I.I.R.<br \/>\nResponsabil comisie: Prof. Dr. Aved Eva &#8211; director adjunct<\/p>\n<p>19. Comisia de burse si bani de liceu<br \/>\nResponsabil comisie Prof. Dr. Aved Eva- director adjunct<\/p>\n<p>20. Comisia de salarizare<br \/>\nResponsabil comisie: Prof. Grozav Diana Sabina &#8211; director<\/p>\n<p>21. Comisia de mobilitate<br \/>\nResponsabil comisie: Prof. Grozav Diana<\/p>\n<p>22. Comisia pentru prevenirea \u015fi combaterea discrimin\u0103rii \u015fi promovarea interculturalit\u0103\u0163ii<br \/>\nResponsabil comisie: Prof. Moraru Mihai<\/p>\n<p>23. Comisia pentru verificarea documentelor \u0219colare<br \/>\nResponsabil comisie: Prof. Grozav Diana Sabina &#8211; director<\/p>\n<ul>\n<li><a href=\"\/wp-content\/uploads\/2018\/12\/Organigrama_LVA_MS_2018-2019.pdf\">COMISIILE METODICE \u0218I DE LUCRU DIN ANUL \u015eCOLAR 2018 \u2013 2019<\/a><\/li>\n<\/ul>\n","protected":false},"excerpt":{"rendered":"<p>COMISIILE METODICE DIN ANUL \u015eCOLAR 2019 \u2013 2020 1. Comisia de Perfec\u0163ionare Metodic\u0103 \u015fi formare continu\u0103 (Comisia de echivalare a creditelor profesionale) Responsabilul Comisiei: Prof. Moraru Mihai 2. Comisia Metodic\u0103 a \u00cenv\u0103\u0163\u0103torilor &#8211; Sec\u0163ia rom\u00e2n\u0103 Responsabilul comisiei Prof. \u00eenv. pr. Negru\u0163 Iuliana 3. Comisia Metodic\u0103 a \u00cenv\u0103\u0163\u0103torilor &#8211; Sec\u0163ia maghiar\u0103 Responsabilul comisiei: Prof. \u00eenv. pr&#8230;.<\/p>\n","protected":false},"author":3,"featured_media":0,"parent":0,"menu_order":0,"comment_status":"closed","ping_status":"closed","template":"","meta":{"footnotes":""},"class_list":["post-1429","page","type-page","status-publish","hentry"],"_links":{"self":[{"href":"https:\/\/www.liceuldeartams.ro\/hu\/wp-json\/wp\/v2\/pages\/1429","targetHints":{"allow":["GET"]}}],"collection":[{"href":"https:\/\/www.liceuldeartams.ro\/hu\/wp-json\/wp\/v2\/pages"}],"about":[{"href":"https:\/\/www.liceuldeartams.ro\/hu\/wp-json\/wp\/v2\/types\/page"}],"author":[{"embeddable":true,"href":"https:\/\/www.liceuldeartams.ro\/hu\/wp-json\/wp\/v2\/users\/3"}],"replies":[{"embeddable":true,"href":"https:\/\/www.liceuldeartams.ro\/hu\/wp-json\/wp\/v2\/comments?post=1429"}],"version-history":[{"count":11,"href":"https:\/\/www.liceuldeartams.ro\/hu\/wp-json\/wp\/v2\/pages\/1429\/revisions"}],"predecessor-version":[{"id":7082,"href":"https:\/\/www.liceuldeartams.ro\/hu\/wp-json\/wp\/v2\/pages\/1429\/revisions\/7082"}],"wp:attachment":[{"href":"https:\/\/www.liceuldeartams.ro\/hu\/wp-json\/wp\/v2\/media?parent=1429"}],"curies":[{"name":"wp","href":"https:\/\/api.w.org\/{rel}","templated":true}]}}