{"id":10112,"date":"2021-09-01T08:52:29","date_gmt":"2021-09-01T06:52:29","guid":{"rendered":"http:\/\/www.liceuldeartams.ro\/?page_id=10112"},"modified":"2021-09-01T10:45:16","modified_gmt":"2021-09-01T08:45:16","slug":"conducere-2","status":"publish","type":"page","link":"https:\/\/www.liceuldeartams.ro\/hu\/conducere-2\/","title":{"rendered":"conducere"},"content":{"rendered":"\n<hr \/>\n<h3>CONDUCERE<\/h3>\n<hr \/>\n<p><h4><i>\u201eCultura este o muzic\u0103 spiritual\u0103 a existen\u0163ei, o simfonie care prime\u015fte \u015fi radiaz\u0103.\u201d (Vasile B\u0103ncil\u0103)<br \/><br \/>\u201eLegea superioar\u0103 a existen\u0163ei este munca creatoare prin care l\u0103s\u0103m \u00een lume o urm\u0103 dup\u0103 ce nu vom mai fi, o oper\u0103 care prelunge\u015fte existen\u0163a \u015fi dup\u0103 moarte\u201d (Leonardo Da Vinci)<\/i><\/h4><\/p>\n<hr \/><br \/><br \/\n <H4><b>VIZIUNEA \u0218I MISIUNEA LICEULUI VOCA\u0162IONAL DE ART\u0102 TG. MURE\u0218 <\/b><\/H4><br \/><br \/>\n<H5><i><b>\n<table>\n  <tr>\n    <th>O \u0219coal\u0103 \u00een care educa\u0163ia \u00eenseamn\u0103: <\/th>\n    <th>&#8211; Armonie, <br \/>\n&#8211; Rafinament, <br \/>\n&#8211; Talent  <br \/>\n&#8211; Art\u0103.<\/th>\n  <\/tr>\n  <tr>\n    <td><\/td>\n    <td><\/td>\n  <\/tr>\n<\/table>\n\n\u2003 <\/b><\/i><\/H5>\n\n<p>Liceul Voca\u0163ional de Art\u0103 din Tg. Mure\u015f, promoveaz\u0103 un \u00eenv\u0103\u0163\u0103m\u00e2nt orientat pe valori, creativitate, capacit\u0103\u0163i cognitive \u0219i practice, prin \u00eencurajarea unei rela\u0163ii democratice profesor-elev-p\u0103rinte \u015fi prin aplicarea muncii \u00een echip\u0103, abord\u00e2nd o comunicare inter\/ intrainstitu\u0163ional\u0103 permanent\u0103 \u00een vederea facilit\u0103rii dezvolt\u0103rii individuale a fiec\u0103rui elev, beneficiar al sistemului educa\u0163ional, ajut\u00e2nd la formarea capacit\u0103\u0163ii de a reflecta, de a formula \u015fi de rezolva probleme, rela\u0163ionarea de cuno\u015ftin\u0163e din diferite domenii; valorizarea experien\u0163ei personale; dezvoltarea competen\u0163elor func\u0163ionale esen\u0163iale pentru reu\u015fita social\u0103; formarea autonomiei morale.<\/p>\n<p>Printre competen\u021bele specifice profilului se reg\u0103se\u0219te receptarea cu sensibilitate \u0219i spirit critic a mesajelor artistic, vizual, muzical, \u00een scopul form\u0103rii culturii artistice de baz\u0103, utilizarea de instrumente \u0219i tehnici variate, elemente de scris-citit \u0219i limbaj specifice artelor vizuale \u0219i muzicale, exprimarea ideilor, sentimentelor \u0219i a mesajelor, utiliz\u00e2nd limbajul artistic specific \u00een contexte variate, dar \u0219i prin interpretarea unor lucr\u0103ri muzicale, aprecierea lucr\u0103rilor muzicale, inclusiv a con\u021binutului lor afectiv, atitudinal \u0219i ideatic.<br \/>\u2003<\/p>\n<p>Misiunea noastr\u0103 este de a asigura dezvoltarea fiec\u0103rui elev \u00een parte la poten\u0163ialul s\u0103u maxim, pun\u00e2nd accentul pe \u00eensu\u015firea valorilor promovate prin viziunea \u0219i filosofia educa\u0163ional\u0103 a \u015fcolii \u0219i av\u00e2nd \u00een vedere dob\u00e2ndirea unor competen\u0163e specifice care s\u0103 asigure servicii educative \u015fi care s\u0103 satisfac\u0103 nevoile comunit\u0103\u0163ii pentru educa\u0163ia permanent\u0103. C\u0103ci, \u201da oferi cultur\u0103 \u00eenseamn\u0103 a oferi setea. Restul va fi o consecin\u0163\u0103\u201d. (Antonie De Saint-Exupery)<br \/><\/p>\n\n<table>\n  <tr>\n    <td>Prof. Grozav Diana Sabina<br \/>Director<\/td>\n    <td><\/td>\n  <\/tr>\n  <tr>\n    <td>Prof. Madaras Ildik\u00f3<br \/>Director adjunct<\/td>\n    <td><\/td>\n  <\/tr>\n <tr>\n    <td>Prof. dr. Neme\u0219 Ioana<br \/>reponsabil Comisia de Evaluare \u0219i Asigurare a Calit\u0103\u021bii (C.E.A.C.)<\/td>\n    <td><\/td>\n  <\/tr>\n<tr>\n    <td>Prof. P\u0103curar Ioana<br \/>Consilier educative<\/td>\n    <td><img decoding=\"async\" src=\"\/wp-content\/uploads\/2021\/03\/Poza_Ioana_P-1.jpeg\"  width=\"12\" height=\"12\"<\/td>\n  <\/tr>\n\n<\/table>\n\n\n\n<p><\/p>\n","protected":false},"excerpt":{"rendered":"<p>CONDUCERE \u201eCultura este o muzic\u0103 spiritual\u0103 a existen\u0163ei, o simfonie care prime\u015fte \u015fi radiaz\u0103.\u201d (Vasile B\u0103ncil\u0103) \u201eLegea superioar\u0103 a existen\u0163ei este munca creatoare prin care l\u0103s\u0103m \u00een lume o urm\u0103 dup\u0103 ce nu vom mai fi, o oper\u0103 care prelunge\u015fte existen\u0163a \u015fi dup\u0103 moarte\u201d (Leonardo Da Vinci)<\/p>\n","protected":false},"author":3,"featured_media":0,"parent":0,"menu_order":0,"comment_status":"closed","ping_status":"closed","template":"","meta":{"footnotes":""},"class_list":["post-10112","page","type-page","status-publish","hentry"],"_links":{"self":[{"href":"https:\/\/www.liceuldeartams.ro\/hu\/wp-json\/wp\/v2\/pages\/10112","targetHints":{"allow":["GET"]}}],"collection":[{"href":"https:\/\/www.liceuldeartams.ro\/hu\/wp-json\/wp\/v2\/pages"}],"about":[{"href":"https:\/\/www.liceuldeartams.ro\/hu\/wp-json\/wp\/v2\/types\/page"}],"author":[{"embeddable":true,"href":"https:\/\/www.liceuldeartams.ro\/hu\/wp-json\/wp\/v2\/users\/3"}],"replies":[{"embeddable":true,"href":"https:\/\/www.liceuldeartams.ro\/hu\/wp-json\/wp\/v2\/comments?post=10112"}],"version-history":[{"count":29,"href":"https:\/\/www.liceuldeartams.ro\/hu\/wp-json\/wp\/v2\/pages\/10112\/revisions"}],"predecessor-version":[{"id":10167,"href":"https:\/\/www.liceuldeartams.ro\/hu\/wp-json\/wp\/v2\/pages\/10112\/revisions\/10167"}],"wp:attachment":[{"href":"https:\/\/www.liceuldeartams.ro\/hu\/wp-json\/wp\/v2\/media?parent=10112"}],"curies":[{"name":"wp","href":"https:\/\/api.w.org\/{rel}","templated":true}]}}