{"id":9763,"date":"2021-06-28T15:52:25","date_gmt":"2021-06-28T13:52:25","guid":{"rendered":"http:\/\/www.liceuldeartams.ro\/rezultate_bacalaureat\/"},"modified":"2022-06-17T19:24:10","modified_gmt":"2022-06-17T17:24:10","slug":"rezultate_bacalaureat-3","status":"publish","type":"page","link":"https:\/\/www.liceuldeartams.ro\/en\/rezultate_bacalaureat-3\/","title":{"rendered":"Rezultate_Bacalaureat"},"content":{"rendered":"<hr>\n<h3><u><b>Rezultate Bacalaureat 2022 &#8211; sesiunea iunie-iulie<\/b><\/u><\/h3>\n<hr>\n<h4><b><u>DATA: 17.06.2022\u00a0<\/u><\/p>\n<h5><b><a href=\"http:\/\/www.liceuldeartams.ro\/wp-content\/uploads\/2022\/06\/LISTA_NOTE_COMPETENTE_LVA_TG_MURES_2022.pdf\">REZULTATELE LA COMPETEN\u021aE ALE EXAMENULUI DE BACALAUREAT &#8211; Sesiunea iunie-iulie 2022<\/a><\/b><\/h5>\n<hr>\n<h3><u><b>Rezultate Bacalaureat 2021 &#8211; sesiunea iunie-iulie<\/b><\/u><\/h3>\n<hr>\n<hr>\n<p><b><a href=\"\/wp-content\/uploads\/2021\/07\/Rezultate_Bacalaureat__2021.pdf\">REZULTATELE LA BACALAUREAT 2021 &#8211; DUP\u0102 DE CONTESTA\u021aII<\/a><\/b><\/p>\n<hr>\n<h4><b><u>ANUN\u021a DEPUNERE CERERE DE VIZUALIZARE LUCR\u0102RI &#8211; Bacalaureat 2021<\/u><\/b><\/h4>\n<p>Program pentru depunerea cererilor \u00een vederea vizualiz\u0103rii lucr\u0103rilor de <b>Bacalaureat este 12-13 iulie 2021 \u00eentre orele 10,00-13,00<\/b> la secretariatul Liceului Voca\u021bional de Art\u0103.<\/p>\n<p>Data planificat\u0103 pentru vizualizare este 22.07.2021, \u00een intervalul orar 12,00-15,00 la <b>ISJ MURE\u0218, Sala 200.<\/b><\/p>\n<hr>\n<hr>\n<p><b><a href=\"\/wp-content\/uploads\/2021\/06\/Rezultate_Bacalaureat_2021.pdf\">REZULTATELE LA BACALAUREAT 2021 &#8211; \u00ceNAINTE DE CONTESTA\u021aII<\/a><\/b><\/p>\n<hr>\n<h4><b><u>ANUN\u021a CONTESTA\u021aII &#8211; Bacalaureat 2021<\/u><\/b><\/h4>\n<p>Contesta\u021biile se pot depune \u00een data de <b>05 iulie 2021<\/b> \u00een intervalul <b>12.00 &#8211; 18.00<\/b> la Liceul Voca\u021bional de Art\u0103, din str. Revolu\u021biei, etajul I, sala nr. 14 sau online la adresa de e-mail <b>arte.contestatii@gmail.com<\/b><\/p>\n<hr>\n<p><b><a href=\"\/wp-content\/uploads\/2021\/06\/Cerere_contestatii_BAC2021.pdf\">Cerere_contestatii_BAC2021.pdf<\/a><\/b><\/p>\n<hr>\n","protected":false},"excerpt":{"rendered":"<p>Rezultate Bacalaureat 2022 &#8211; sesiunea iunie-iulie DATA: 17.06.2022\u00a0 REZULTATELE LA COMPETEN\u021aE ALE EXAMENULUI DE BACALAUREAT &#8211; Sesiunea iunie-iulie 2022 Rezultate Bacalaureat 2021 &#8211; sesiunea iunie-iulie REZULTATELE LA BACALAUREAT 2021 &#8211; DUP\u0102 DE CONTESTA\u021aII ANUN\u021a DEPUNERE CERERE DE VIZUALIZARE LUCR\u0102RI &#8211; Bacalaureat 2021 Program pentru depunerea cererilor \u00een vederea vizualiz\u0103rii lucr\u0103rilor de Bacalaureat este 12-13 iulie&#8230;<\/p>\n","protected":false},"author":3,"featured_media":0,"parent":0,"menu_order":0,"comment_status":"closed","ping_status":"closed","template":"","meta":{"footnotes":""},"class_list":["post-9763","page","type-page","status-publish","hentry"],"_links":{"self":[{"href":"https:\/\/www.liceuldeartams.ro\/en\/wp-json\/wp\/v2\/pages\/9763","targetHints":{"allow":["GET"]}}],"collection":[{"href":"https:\/\/www.liceuldeartams.ro\/en\/wp-json\/wp\/v2\/pages"}],"about":[{"href":"https:\/\/www.liceuldeartams.ro\/en\/wp-json\/wp\/v2\/types\/page"}],"author":[{"embeddable":true,"href":"https:\/\/www.liceuldeartams.ro\/en\/wp-json\/wp\/v2\/users\/3"}],"replies":[{"embeddable":true,"href":"https:\/\/www.liceuldeartams.ro\/en\/wp-json\/wp\/v2\/comments?post=9763"}],"version-history":[{"count":11,"href":"https:\/\/www.liceuldeartams.ro\/en\/wp-json\/wp\/v2\/pages\/9763\/revisions"}],"predecessor-version":[{"id":10980,"href":"https:\/\/www.liceuldeartams.ro\/en\/wp-json\/wp\/v2\/pages\/9763\/revisions\/10980"}],"wp:attachment":[{"href":"https:\/\/www.liceuldeartams.ro\/en\/wp-json\/wp\/v2\/media?parent=9763"}],"curies":[{"name":"wp","href":"https:\/\/api.w.org\/{rel}","templated":true}]}}