{"id":967,"date":"2017-02-16T15:20:05","date_gmt":"2017-02-16T13:20:05","guid":{"rendered":"http:\/\/www.liceuldeartams.ro\/?page_id=967"},"modified":"2025-06-16T11:25:24","modified_gmt":"2025-06-16T09:25:24","slug":"metodologie_arhitectura_ix","status":"publish","type":"page","link":"https:\/\/www.liceuldeartams.ro\/en\/metodologie_arhitectura_ix\/","title":{"rendered":"Metodologie arhitectur\u0103 clasa a IX-a"},"content":{"rendered":"<hr \/>\n<h4><b><u>DATA: 16.06.2025<\/u><\/b><\/h4>\n<h5><b><a href=\"http:\/\/www.liceuldeartams.ro\/wp-content\/uploads\/2025\/06\/CALENDAR_ADMITERE__Gimnaziu_Liceu_IUNIE_2025.pdf\">CALENDAR ADMITERE GIMNAZIU \/ LICEU &#8211; IUNIE 2025<\/a><\/b><\/h5>\n<hr \/>\n<h4><b><u>DATA: 17.03.2025\u00a0<\/u><\/h4>\n<h5><b><a href=\"http:\/\/www.liceuldeartams.ro\/wp-content\/uploads\/2025\/03\/Pregatiri_Probe_Aptitudini_IX_ArtePlastice_Arhitectura_2025.pdf\">PREG\u0102TIRI PENTRU PROBELE DE APTITUDINI LA SPECIALIZAREA ARTE PLASTICE \u0218I ARHITECTUR\u0102 &#8211; ADMITERE IN CLASA A IX-A &#8211; 2025-2026<\/a><\/b><\/h5>\n<hr \/>\n<h4><b><u>DATA: 19.02.2025\u00a0<\/u><\/h4>\n<h5><b><a href=\"http:\/\/www.liceuldeartams.ro\/wp-content\/uploads\/2025\/05\/PROBE_DE_APTITUDINI_AP_ARH_RO__2025_2026.pdf\">DESF\u0102\u0218URAREA PROBELOR DE APTITUDINI- specializarea ARTE PLASTICE \u0218I ARHITECTUR\u0102 PENTRU ADMITEREA \u00ceN CLASA A IX-A LA LICEUL VOCA\u021aIONAL DE ART\u0102- SEC\u021aIA ROM\u00c2N\u0102 \u0218I MAGHIAR\u0102<\/a><\/b><\/h5>\n<h5><b><a href=\"http:\/\/www.liceuldeartams.ro\/wp-content\/uploads\/2025\/05\/PROBE_DE_APTITUDINI_AP_ARH_IX_MA__2025_2026.pdf\"> A k\u00e9szs\u00e9gfelm\u00e9r\u0151 vizsg\u00e1k id\u0151pontja a M\u0171v\u00e9szeti Szakl\u00edceum K\u00c9PZ\u0150M\u0170V\u00c9SZET \u00e9s M\u0170\u00c9P\u00cdT\u00c9SZET szak\u00e1ra IX. oszt\u00e1lyba felv\u00e9teliz\u0151k sz\u00e1m\u00e1ra &#8211; magyar \u00e9s rom\u00e1n tagozatra <\/a><\/b><\/h5>\n<hr \/>\n<h4><b><u>DATA: 18.02.2025\u00a0<\/u><\/h4>\n<h5><b><a href=\"http:\/\/www.liceuldeartams.ro\/wp-content\/uploads\/2025\/02\/OME_6480_din_2024_Admitere_Liceu_2025_2026.pdf\">ORDIN privind organizarea \u0219i desf\u0103\u0219urarea admiterii \u00een \u00eenv\u0103\u021b\u0103m\u00e2ntul liceal pentru anul \u0219colar 2025-2026<\/a><\/b><\/p>\n<hr \/>\n<h4><b><u>DATA: 06.06.2024<\/u><\/b><\/p>\n<h5><b><a href=\"http:\/\/www.liceuldeartams.ro\/wp-content\/uploads\/2024\/06\/Examene_de_diferenta_ARTE_PLASTICE_Gimnaziu_Liceu_2024.pdf\">EXAMEN DE ADMITERE DIFEREN\u021a\u0102 &#8211; Arte plastice \u0219i Arhitectur\u0103 &#8211; GIMNAZIU \/ LICEU 2024<\/a><\/b><\/p>\n<hr \/>\n<h4><b><u>DATA: 10.05.2024\u00a0<\/u><\/h4>\n<hr \/>\n<p><img decoding=\"async\" src=\"http:\/\/www.liceuldeartams.ro\/wp-content\/uploads\/2024\/05\/AFIS_IX_png.jpg\" alt=\"\"><\/p>\n<hr \/>\n<h4><b><u>DATA: 07.03.2024\u00a0<\/u><\/h4>\n<p><!--\n\n<h5><b><a href=\"http:\/\/www.liceuldeartams.ro\/wp-content\/uploads\/2022\/10\/Calendarul_adm_inv_lic_2023_2024.pdf\"> Calendarul admiterii \u00een \u00eenv\u0103\u021b\u0103m\u00e2ntul liceal pentru anul \u0219colar 2023-2024<\/a><\/b>--><\/p>\n<h5><b><a href=\"http:\/\/www.liceuldeartams.ro\/wp-content\/uploads\/2024\/03\/Ordin-admitere-liceu-2024-plus-anexe.pdf\">ORDIN privind organizarea \u0219i desf\u0103\u0219urarea admiterii \u00een \u00eenv\u0103\u021b\u0103m\u00e2ntul liceal pentru anul \u0219colar 2024-2025<\/a><\/b><\/p>\n<hr \/>\n<h5><b><a href=\"http:\/\/www.liceuldeartams.ro\/wp-content\/uploads\/2024\/03\/PREGATIRI_AP_ARH_9_2024.pdf\">PREG\u0102TIRI PENTRU PROBELE DE APTITUDINI LA SPECIALIZAREA ARTE PLASTICE SI ARHITECTUR\u0102 &#8211; ADMITERE IN CLASA A IX-A &#8211; 2024-2025<\/a><\/b><\/h5>\n<hr \/>\n<h5><b><a href=\"http:\/\/www.liceuldeartams.ro\/wp-content\/uploads\/2024\/03\/PROBE_DE_APTITUDINI_AP_ARH_IX_RO_2024-2025.pdf\">DESF\u0102\u0218URAREA PROBELOR DE APTITUDINI- specializarea ARTE PLASTICE \u0218I ARHITECTUR\u0102 PENTRU ADMITEREA \u00ceN CLASA A IX-A LA LICEUL VOCA\u021aIONAL DE ART\u0102- SEC\u021aIA ROM\u00c2N\u0102 \u0218I MAGHIAR\u0102<\/a><\/b><\/h5>\n<h5><b><a href=\"http:\/\/www.liceuldeartams.ro\/wp-content\/uploads\/2024\/03\/PROBE_DE_APTITUDINI_AP_ARH_IX_MA_2024-2025.pdf\"> A k\u00e9szs\u00e9gfelm\u00e9r\u0151 vizsg\u00e1k id\u0151pontja a M\u0171v\u00e9szeti Szakl\u00edceum K\u00c9PZ\u0150M\u0170V\u00c9SZET \u00e9s M\u0170\u00c9P\u00cdT\u00c9SZET szak\u00e1ra IX. oszt\u00e1lyba felv\u00e9teliz\u0151k sz\u00e1m\u00e1ra &#8211; magyar \u00e9s rom\u00e1n tagozatra <\/a><\/b><\/h5>\n<hr \/>\n<h4><b><u>DATA: 06.06.2023<\/u><\/b><\/p>\n<h5><b><a href=\"http:\/\/www.liceuldeartams.ro\/wp-content\/uploads\/2023\/06\/Examene_de_diferenta_AP_ARH_6_8_06_2023.pdf\">ORAR &#8211; Examen de diferen\u021b\u0103 &#8211; Arte plastice \u0219i Arhitectur\u0103 &#8211; 6-8.06.2023<\/a><\/b><\/p>\n<hr \/>\n<h4><b><u>DATA: 23.05.2023<\/u><br \/>\n<!--\n\n\n<h5><b><a href=\"http:\/\/www.liceuldeartams.ro\/wp-content\/uploads\/2023\/05\/Anunt_candidati_admisi_la_probele_de_aptitudini_IX_2023.pdf\">\u00cen aten\u021bia candida\u021bilor admi\u0219i la probele de aptitudini pentru admitere \u00een clasa a IX-a \u2013 2023<\/a><\/b><\/h5>\n\n\n--><\/p>\n<hr \/>\n<h5><b><a href=\"http:\/\/www.liceuldeartams.ro\/wp-content\/uploads\/2023\/05\/aptit_arhitectura_RO_2023.pdf\">REZULTATE APTITUDINI ARHITECTUR\u0102 &#8211; SEC\u021aIA ROM\u00c2N\u0102 &#8211; 2023<\/a><\/b><\/h5>\n<h5><b><a href=\"http:\/\/www.liceuldeartams.ro\/wp-content\/uploads\/2023\/05\/aptit_arhitectura_RO_CES_2023.pdf\">REZULTATE APTITUDINI ARHITECTUR\u0102 &#8211; SEC\u021aIA ROM\u00c2N\u0102 &#8211; CES- 2023<\/a><\/b><\/h5>\n<h5><b><a href=\"http:\/\/www.liceuldeartams.ro\/wp-content\/uploads\/2023\/05\/aptit_arhitectura_MA_2023.pdf\">REZULTATE APTITUDINI ARHITECTUR\u0102  &#8211; SEC\u021aIA MAGHIAR\u0102 &#8211; 2023<\/a><\/b><\/h5>\n<h5><b><a href=\"http:\/\/www.liceuldeartams.ro\/wp-content\/uploads\/2023\/05\/aptit_arhitectura_MA_CES_2023.pdf\">REZULTATE APTITUDINI ARHITECTUR\u0102 &#8211; SEC\u021aIA MAGHIAR\u0102 &#8211; CES &#8211; 2023<\/a><\/b><\/h5>\n<hr \/>\n<h4><b><u>DATA: 03.05.2023\u00a0<\/u><\/h4>\n<h5><b><a href=\"http:\/\/www.liceuldeartams.ro\/wp-content\/uploads\/2023\/05\/CALENDAR_PROBE_APTITUDINI_3920_27_04_2023.pdf\"> Calendarul probelor de aptitudini pentru admiterea \u00een clasa a IX-a \u00een licee voca\u021bionale pentru anul \u0219colar 2023-2024<\/a><\/b><\/p>\n<hr>\n<h5><b><u>DATA: 13.03.2023\u00a0<\/u><\/h5>\n<h5><b><a href=\"http:\/\/www.liceuldeartams.ro\/wp-content\/uploads\/2023\/05\/PROBE_DE_APTITUDINI_AP_ARH_2023_2024__RO.pdf\">DESF\u0102\u0218URAREA PROBELOR DE APTITUDINI- specializarea ARTE PLASTICE \u0218I ARHITECTUR\u0102 PENTRU ADMITEREA \u00ceN CLASA A IX-A LA LICEUL VOCA\u021aIONAL DE ART\u0102- SEC\u021aIA ROM\u00c2N\u0102 \u0218I MAGHIAR\u0102<\/a><\/b><\/h5>\n<h5><b><a href=\"http:\/\/www.liceuldeartams.ro\/wp-content\/uploads\/2023\/05\/PROBE_DE_APTITUDINI_AP_ARH_IX_2023_2024__MA.pdf\"> A k\u00e9szs\u00e9gfelm\u00e9r\u0151 vizsg\u00e1k id\u0151pontja a M\u0171v\u00e9szeti Szakl\u00edceum K\u00c9PZ\u0150M\u0170V\u00c9SZET \u00e9s M\u0170\u00c9P\u00cdT\u00c9SZET szak\u00e1ra IX. oszt\u00e1lyba felv\u00e9teliz\u0151k sz\u00e1m\u00e1ra &#8211; magyar \u00e9s rom\u00e1n tagozatra <\/a><\/b><\/h5>\n<hr>\n<h5><b><u>CALENDAR PROBE DE APTITUDINI ADMITERE \u00ceN CLASA A IX-A &#8211; 2022-2023<\/u><\/b><\/h5>\n<hr \/>\n<h5><b><u>DATA: 04.10.2022\u00a0<\/u><\/h5>\n<h5><b><a href=\"http:\/\/www.liceuldeartams.ro\/wp-content\/uploads\/2022\/10\/Calendarul_adm_inv_lic_2023_2024.pdf\"> Calendarul admiterii \u00een \u00eenv\u0103\u021b\u0103m\u00e2ntul liceal pentru anul \u0219colar 2023-2024<\/a><\/b><\/p>\n<h5><b><a href=\"http:\/\/www.liceuldeartams.ro\/wp-content\/uploads\/2022\/10\/Admitere_IX_ORDIN_756_16_09_2022.pdf\">ORDIN privind organizarea \u0219i desf\u0103\u0219urarea admiterii \u00een \u00eenv\u0103\u021b\u0103m\u00e2ntul liceal pentru anul \u0219colar 2023-2024 &#8211; completare<\/a><\/b><\/p>\n<hr \/>\n<h4><b><u>DATA: 17.05.2022<\/u><\/b><\/h4>\n<h5><b><a href=\"http:\/\/www.liceuldeartams.ro\/wp-content\/uploads\/2022\/05\/examen_diferenta_IUNIE_2022.pdf\">EXAMEN DE DIFERENTA 2022<\/a><\/b><\/h5>\n<h5><b><a href=\"http:\/\/www.liceuldeartams.ro\/wp-content\/uploads\/2022\/05\/PROGRAM_ADMITERE_2022__XI_V.pdf\">PROCEDURA DE DESF\u0102\u015eURARE A PROBELOR DE APTITUDINI PENTRU ADMITEREA \u00ceN CLASA A V-A SI CLASA A IX-A 2022<\/a><\/b><\/h5>\n<hr \/>\n<h4><b><a href=\"http:\/\/www.liceuldeartams.ro\/wp-content\/uploads\/2022\/01\/ordin_admitere_liceu_2022_2023.pdf\">Anexele nr. 1\u20145 la Ordinul ministrului educa\u021biei nr. 5.150\/2021 privind organizarea \u0219i desf\u0103\u0219urarea admiterii \u00een \u00eenv\u0103\u021b\u0103m\u00e2ntul liceal pentru anul \u0219colar 2022\u20142023<\/a><\/b><\/h4>\n<p>&nbsp;<br \/>\n<img decoding=\"async\" src=\"http:\/\/www.liceuldeartams.ro\/wp-content\/uploads\/2022\/03\/AFIS_IX_2022-2023.jpg\" alt=\"Admitere 2022-2023\" \/><\/p>\n<hr \/>\n<h4><b><u>DATA: 23.03.2022<\/u><\/b><\/h4>\n<h5><b><u>CALENDAR PROBE DE APTITUDINI ADMITERE \u00ceN CLASA A IX-A &#8211; 2022-2023<\/u><\/b><\/h5>\n<h5><b><a href=\"http:\/\/www.liceuldeartams.ro\/wp-content\/uploads\/2022\/03\/PROBE_DE_APTITUDINI_AP_ARH_IX_RO_2022-2023.pdf\">DESF\u0102\u0218URAREA PROBELOR DE APTITUDINI- specializarea ARTE PLASTICE \u0218I ARHITECTUR\u0102 PENTRU ADMITEREA \u00ceN CLASA A IX-A LA LICEUL VOCA\u021aIONAL DE ART\u0102- SEC\u021aIA ROM\u00c2N\u0102 \u0218I MAGHIAR\u0102<\/b><br \/>\n<\/a><\/p>\n<h5><b><a href=\"http:\/\/www.liceuldeartams.ro\/wp-content\/uploads\/2022\/03\/PROBE_DE_APTITUDINI_AP_ARH_IX_MA_2022-2023.pdf\"> A k\u00e9szs\u00e9gfelm\u00e9r\u0151 vizsg\u00e1k id\u0151pontja a M\u0171v\u00e9szeti Szakl\u00edceum K\u00c9PZ\u0150M\u0170V\u00c9SZET \u00e9s M\u0170\u00c9P\u00cdT\u00c9SZET szak\u00e1ra IX. oszt\u00e1lyba felv\u00e9teliz\u0151k sz\u00e1m\u00e1ra &#8211; magyar \u00e9s rom\u00e1n tagozatra <\/b><br \/>\n<\/a><\/p>\n<p><img decoding=\"async\" src=\"http:\/\/www.liceuldeartams.ro\/wp-content\/uploads\/2022\/03\/Pregatiri_Admitere_V_IX_2022-2023.jpg\" alt=\"Pregatiri Admitere 2022-2023\" \/><\/p>\n<hr \/>\n","protected":false},"excerpt":{"rendered":"<p>DATA: 16.06.2025 CALENDAR ADMITERE GIMNAZIU \/ LICEU &#8211; IUNIE 2025 DATA: 17.03.2025\u00a0 PREG\u0102TIRI PENTRU PROBELE DE APTITUDINI LA SPECIALIZAREA ARTE PLASTICE \u0218I ARHITECTUR\u0102 &#8211; ADMITERE IN CLASA A IX-A &#8211; 2025-2026 DATA: 19.02.2025\u00a0 DESF\u0102\u0218URAREA PROBELOR DE APTITUDINI- specializarea ARTE PLASTICE \u0218I ARHITECTUR\u0102 PENTRU ADMITEREA \u00ceN CLASA A IX-A LA LICEUL VOCA\u021aIONAL DE ART\u0102- SEC\u021aIA ROM\u00c2N\u0102&#8230;<\/p>\n","protected":false},"author":1,"featured_media":0,"parent":0,"menu_order":0,"comment_status":"closed","ping_status":"closed","template":"","meta":{"footnotes":""},"class_list":["post-967","page","type-page","status-publish","hentry"],"_links":{"self":[{"href":"https:\/\/www.liceuldeartams.ro\/en\/wp-json\/wp\/v2\/pages\/967","targetHints":{"allow":["GET"]}}],"collection":[{"href":"https:\/\/www.liceuldeartams.ro\/en\/wp-json\/wp\/v2\/pages"}],"about":[{"href":"https:\/\/www.liceuldeartams.ro\/en\/wp-json\/wp\/v2\/types\/page"}],"author":[{"embeddable":true,"href":"https:\/\/www.liceuldeartams.ro\/en\/wp-json\/wp\/v2\/users\/1"}],"replies":[{"embeddable":true,"href":"https:\/\/www.liceuldeartams.ro\/en\/wp-json\/wp\/v2\/comments?post=967"}],"version-history":[{"count":38,"href":"https:\/\/www.liceuldeartams.ro\/en\/wp-json\/wp\/v2\/pages\/967\/revisions"}],"predecessor-version":[{"id":12244,"href":"https:\/\/www.liceuldeartams.ro\/en\/wp-json\/wp\/v2\/pages\/967\/revisions\/12244"}],"wp:attachment":[{"href":"https:\/\/www.liceuldeartams.ro\/en\/wp-json\/wp\/v2\/media?parent=967"}],"curies":[{"name":"wp","href":"https:\/\/api.w.org\/{rel}","templated":true}]}}