{"id":7408,"date":"2017-02-16T15:18:54","date_gmt":"2017-02-16T13:18:54","guid":{"rendered":"http:\/\/www.liceuldeartams.ro\/metodologie_artaactorului_ix-2\/"},"modified":"2025-05-13T15:35:37","modified_gmt":"2025-05-13T13:35:37","slug":"metodologie_artaactorului_ix-2","status":"publish","type":"page","link":"https:\/\/www.liceuldeartams.ro\/en\/metodologie_artaactorului_ix-2\/","title":{"rendered":"Metodologie arta actorului clasa a IX-a"},"content":{"rendered":"<hr \/>\n<h4><b><u>DATA: 01.04.2025\u00a0<\/u><\/h4>\n<h5><b><a href=\"http:\/\/www.liceuldeartams.ro\/wp-content\/uploads\/2025\/04\/GRAFICUL_PREGATIRILOR_GRATUITE_PENTRU_PROBELE_DE_APTITUDINI_CANTO_SI_ARTA_ACTORULUI.pdf\">GRAFICUL PREG\u0102TIRILOR GRATUITE PENTRU PROBELE DE APTITUDINI CLASA A IX-A SEC\u021aIA MUZIC\u0102 \u2013 ARTA ACTORULUI PENTRU ANUL \u0218COLAR 2025-2026<\/a><\/b><\/p>\n<hr \/>\n<h4><b><u>DATA: 19.02.2025\u00a0<\/u><\/h4>\n<h5><b><a href=\"http:\/\/www.liceuldeartams.ro\/wp-content\/uploads\/2025\/05\/PROBE_DE_APTITUDINI_AA_IX_RO__2025_2026.pdf\">DESF\u0102\u0218URAREA PROBELOR DE APTITUDINI- specializarea ARTA ACTORULUI PENTRU ADMITEREA \u00ceN CLASA A IX-A la LICEUL VOCA\u021aIONAL DE ART\u0102 TG. MURE\u0218 &#8211; SEC\u021aIA ROM\u00c2N\u0102 \u0218I MAGHIAR\u0102 (RO)<\/a><\/b><\/h5>\n<h5><b><a href=\"http:\/\/www.liceuldeartams.ro\/wp-content\/uploads\/2025\/05\/PROBE_DE_APTITUDINI_AA_IX_MA__2025_2026.pdf\">A k\u00e9szs\u00e9gfelm\u00e9r\u0151 vizsg\u00e1k id\u0151pontja a M\u0171v\u00e9szeti Szakl\u00edceum SZ\u00cdN\u00c9SZMESTERS\u00c9G szak\u00e1ra IX. oszt\u00e1lyba felv\u00e9teliz\u0151k sz\u00e1m\u00e1ra &#8211; magyar \u00e9s rom\u00e1n tagozatra (MA)<\/a><\/b><\/h5>\n<hr \/>\n<h4><b><u>DATA: 18.02.2025\u00a0<\/u><\/h4>\n<h5><b><a href=\"http:\/\/www.liceuldeartams.ro\/wp-content\/uploads\/2025\/02\/OME_6480_din_2024_Admitere_Liceu_2025_2026.pdf\">ORDIN privind organizarea \u0219i desf\u0103\u0219urarea admiterii \u00een \u00eenv\u0103\u021b\u0103m\u00e2ntul liceal pentru anul \u0219colar 2025-2026<\/a><\/b><\/p>\n<hr \/>\n<h4><b><u>DATA: 29.05.2024<\/u><\/b><\/h4>\n<h5><b><u>EXAMEN DE ADMITERE DIFEREN\u021a\u0102 pentru clasele X, XI la specializarea ARTA ACTORULUI &#8211; 2024<\/u><\/a><\/b><\/a><\/b><\/p>\n<h5><b>SEC\u021aIA ROM\u00c2N\u0102 &#8211; 18.06.2024 &#8211; ORA: 11:30<\/a><\/b><\/a><\/b><\/p>\n<h5><b>SEC\u021aIA MAGHIAR\u0102 &#8211; 18.06.2024 &#8211; ORA: 12:00<\/a><\/b><\/a><\/b><\/p>\n<hr \/>\n<h4><b><u>DATA: 10.05.2024\u00a0<\/u><\/h4>\n<p><img decoding=\"async\" src=\"http:\/\/www.liceuldeartams.ro\/wp-content\/uploads\/2024\/05\/AFIS_IX_png.jpg\" alt=\"\"><\/p>\n<hr \/>\n<h4><b><u>DATA: 07.03.2024\u00a0<\/u><\/h4>\n<p><!--\n\n<h5><b><a href=\"http:\/\/www.liceuldeartams.ro\/wp-content\/uploads\/2022\/10\/Calendarul_adm_inv_lic_2023_2024.pdf\"> Calendarul admiterii \u00een \u00eenv\u0103\u021b\u0103m\u00e2ntul liceal pentru anul \u0219colar 2023-2024<\/a><\/b>--><\/p>\n<h5><b><a href=\"http:\/\/www.liceuldeartams.ro\/wp-content\/uploads\/2024\/03\/Ordin-admitere-liceu-2024-plus-anexe.pdf\">ORDIN privind organizarea \u0219i desf\u0103\u0219urarea admiterii \u00een \u00eenv\u0103\u021b\u0103m\u00e2ntul liceal pentru anul \u0219colar 2024-2025<\/a><\/b><\/p>\n<hr \/>\n<h5><b><a href=\"http:\/\/www.liceuldeartams.ro\/wp-content\/uploads\/2024\/03\/GRAFICUL_PREGATIRILOR_GRATUITE_PT_PROBELE_DE_APTITUDINI_2024_RO.pdf\">GRAFICUL PREG\u0102TIRILOR GRATUITE PENTRU PROBELE DE APTITUDINI CLASA A IX-A &#8211; SEC\u021aIA MUZIC\u0102 \u2013 ARTA ACTORULUI PENTRU ANUL \u0218COLAR 2024-2025 (RO)<\/a><\/b><\/h5>\n<h5><b><a href=\"http:\/\/www.liceuldeartams.ro\/wp-content\/uploads\/2024\/03\/GRAFICUL_PREGATIRILOR_GRATUITE_PT_PROBELE_DE_APTITUDINI_2024_MA.pdf\">T\u00c9R\u00cdT\u00c9SMENTES FELK\u00c9SZ\u00cdT\u0150K ID\u0150PONTJA A TEHETS\u00c9GFELM\u00c9R\u0150 VIZSG\u00c1RA IX- OSZT\u00c1LY &#8211; 2024-2025 &#8211; \u00d6S TAN\u00c9V<\/a><\/b><\/h5>\n<hr \/>\n<h5><b><a href=\"http:\/\/www.liceuldeartams.ro\/wp-content\/uploads\/2024\/03\/PROBE_DE_APTITUDINI_A_A_IX_RO_2024-2025.pdf\">DESF\u0102\u0218URAREA PROBELOR DE APTITUDINI- specializarea ARTA ACTORULUI PENTRU ADMITEREA \u00ceN CLASA A IX-A la LICEUL VOCA\u021aIONAL DE ART\u0102 TG. MURE\u0218 &#8211; SEC\u021aIA ROM\u00c2N\u0102 \u0218I MAGHIAR\u0102 (RO)<\/a><\/b><\/h5>\n<h5><b><a href=\"http:\/\/www.liceuldeartams.ro\/wp-content\/uploads\/2024\/03\/PROBE_DE_APTITUDINI_A_A_IX_MA_2024-2025.pdf\">A k\u00e9szs\u00e9gfelm\u00e9r\u0151 vizsg\u00e1k id\u0151pontja a M\u0171v\u00e9szeti Szakl\u00edceum SZ\u00cdN\u00c9SZMESTERS\u00c9G szak\u00e1ra IX. oszt\u00e1lyba felv\u00e9teliz\u0151k sz\u00e1m\u00e1ra &#8211; magyar \u00e9s rom\u00e1n tagozatra (MA)<\/a><\/b><\/h5>\n<hr \/>\n<h4><b><u>DATA: 23.05.2023<\/u><br \/>\n<!--\n\n\n<hr \/>\n\n\n\n\n<h5><b><a href=\"http:\/\/www.liceuldeartams.ro\/wp-content\/uploads\/2023\/05\/aptitudini_arta_actorului_RO_2023.pdf\">REZULTATE APTITUDINI ARTA ACTORULUI - SEC\u021aIA ROM\u00c2N\u0102 - 2023<\/a><\/b><\/h5>\n\n\n\n\n<h5><b><a href=\"http:\/\/www.liceuldeartams.ro\/wp-content\/uploads\/2023\/05\/aptitudini_arta_actorului_MA_2023.pdf\">REZULTATE APTITUDINI ARTA ACTORULUI - SEC\u021aIA MAGHIAR\u0102 - 2023<\/a><\/b><\/h5>\n\n\n\n\n<h5><b><a href=\"http:\/\/www.liceuldeartams.ro\/wp-content\/uploads\/2023\/05\/aptitudini_arta_actorului_MA_CES_2023.pdf\">REZULTATE APTITUDINI ARTA ACTORULUI - SEC\u021aIA MAGHIAR\u0102 - CES - 2023<\/a><\/b>\n\n\n<h5><b><a href=\"http:\/\/www.liceuldeartams.ro\/wp-content\/uploads\/2023\/05\/aptitudini_arta_actorului_RRO_2023.pdf\">REZULTATE APTITUDINI ARTA ACTORULUI - SEC\u021aIA RROMI - 2023<\/a><\/b><\/h5>\n\n<\/h5>\n\n\n\n\n<hr \/>\n\n\n--><\/p>\n<h5><b><u>CALENDAR PROBE DE APTITUDINI ADMITERE \u00ceN CLASA A IX-A &#8211; 2022-2023<\/u><\/b><\/h5>\n<hr \/>\n<h4><b><u>DATA: 03.05.2023\u00a0<\/u><\/h4>\n<h5><b><a href=\"http:\/\/www.liceuldeartams.ro\/wp-content\/uploads\/2023\/05\/CALENDAR_PROBE_APTITUDINI_3920_27_04_2023.pdf\"> Calendarul probelor de aptitudini pentru admiterea \u00een clasa a IX-a \u00een licee voca\u021bionale pentru anul \u0219colar 2023-2024<\/a><\/b><\/p>\n<h5><b><a href=\"http:\/\/www.liceuldeartams.ro\/wp-content\/uploads\/2022\/03\/PROBE_DE_APTITUDINI_AA_IX_RO_2022-2023.pdf\">DESF\u0102\u0218URAREA PROBELOR DE APTITUDINI- specializarea ARTA ACTORULUI PENTRU ADMITEREA \u00ceN CLASA A IX-A la LICEUL VOCA\u021aIONAL DE ART\u0102 TG. MURE\u0218 &#8211; SEC\u021aIA ROM\u00c2N\u0102 \u0218I MAGHIAR\u0102 (RO)<\/b><br \/>\n<\/a><\/p>\n<h5><b><a href=\"http:\/\/www.liceuldeartams.ro\/wp-content\/uploads\/2022\/03\/PROBE_DE_APTITUDINI_AA_IX_MA_2022-2023.pdf\">A k\u00e9szs\u00e9gfelm\u00e9r\u0151 vizsg\u00e1k id\u0151pontja a M\u0171v\u00e9szeti Szakl\u00edceum SZ\u00cdN\u00c9SZMESTERS\u00c9G szak\u00e1ra IX. oszt\u00e1lyba felv\u00e9teliz\u0151k sz\u00e1m\u00e1ra &#8211; magyar \u00e9s rom\u00e1n tagozatra (MA)<\/b><br \/>\n<\/a><\/p>\n<hr \/>\n","protected":false},"excerpt":{"rendered":"<p>DATA: 01.04.2025\u00a0 GRAFICUL PREG\u0102TIRILOR GRATUITE PENTRU PROBELE DE APTITUDINI CLASA A IX-A SEC\u021aIA MUZIC\u0102 \u2013 ARTA ACTORULUI PENTRU ANUL \u0218COLAR 2025-2026 DATA: 19.02.2025\u00a0 DESF\u0102\u0218URAREA PROBELOR DE APTITUDINI- specializarea ARTA ACTORULUI PENTRU ADMITEREA \u00ceN CLASA A IX-A la LICEUL VOCA\u021aIONAL DE ART\u0102 TG. MURE\u0218 &#8211; SEC\u021aIA ROM\u00c2N\u0102 \u0218I MAGHIAR\u0102 (RO) A k\u00e9szs\u00e9gfelm\u00e9r\u0151 vizsg\u00e1k id\u0151pontja a M\u0171v\u00e9szeti&#8230;<\/p>\n","protected":false},"author":1,"featured_media":0,"parent":0,"menu_order":0,"comment_status":"closed","ping_status":"closed","template":"","meta":{"footnotes":""},"class_list":["post-7408","page","type-page","status-publish","hentry"],"_links":{"self":[{"href":"https:\/\/www.liceuldeartams.ro\/en\/wp-json\/wp\/v2\/pages\/7408","targetHints":{"allow":["GET"]}}],"collection":[{"href":"https:\/\/www.liceuldeartams.ro\/en\/wp-json\/wp\/v2\/pages"}],"about":[{"href":"https:\/\/www.liceuldeartams.ro\/en\/wp-json\/wp\/v2\/types\/page"}],"author":[{"embeddable":true,"href":"https:\/\/www.liceuldeartams.ro\/en\/wp-json\/wp\/v2\/users\/1"}],"replies":[{"embeddable":true,"href":"https:\/\/www.liceuldeartams.ro\/en\/wp-json\/wp\/v2\/comments?post=7408"}],"version-history":[{"count":13,"href":"https:\/\/www.liceuldeartams.ro\/en\/wp-json\/wp\/v2\/pages\/7408\/revisions"}],"predecessor-version":[{"id":12129,"href":"https:\/\/www.liceuldeartams.ro\/en\/wp-json\/wp\/v2\/pages\/7408\/revisions\/12129"}],"wp:attachment":[{"href":"https:\/\/www.liceuldeartams.ro\/en\/wp-json\/wp\/v2\/media?parent=7408"}],"curies":[{"name":"wp","href":"https:\/\/api.w.org\/{rel}","templated":true}]}}