{"id":1663,"date":"2017-02-13T11:32:56","date_gmt":"2017-02-13T09:32:56","guid":{"rendered":"http:\/\/www.liceuldeartams.ro\/parteneriate\/"},"modified":"2022-10-06T07:33:21","modified_gmt":"2022-10-06T05:33:21","slug":"parteneriate","status":"publish","type":"page","link":"https:\/\/www.liceuldeartams.ro\/en\/parteneriate\/","title":{"rendered":"Parteneriate"},"content":{"rendered":"<p>Lista protocoalelor, acordurilor de colaborare \u0219i a parteneriatelor \u00eencheiate de Liceul Voca\u021bional de Art\u0103<\/p>\n<table width=\"476\">\n<tbody>\n<tr>\n<td width=\"58\">Nr.crt<\/td>\n<td width=\"326\">Institu\u0163ia \/ONG-ul<\/td>\n<td width=\"92\">Adresa<\/td>\n<\/tr>\n<tr>\n<td width=\"58\">1<\/td>\n<td width=\"326\">Asocia\u021bia \u201eClasic for kids\u201d<\/td>\n<td width=\"92\">T\u00eergu Mure\u015f<\/td>\n<\/tr>\n<tr>\n<td width=\"58\">2<\/td>\n<td width=\"326\">\u015ec. Gimnazial\u0103 Tudor Vladimirescu<\/td>\n<td width=\"92\">T\u00eergu Mure\u015f<\/td>\n<\/tr>\n<tr>\n<td width=\"58\">3<\/td>\n<td width=\"326\">Univ. Sapien\u021bia, Fac. de \u0218tiin\u021be Tehnice<\/td>\n<td width=\"92\">Cluj-Napoca<\/td>\n<\/tr>\n<tr>\n<td width=\"58\">4<\/td>\n<td width=\"326\">Asociatia Culturala \u201cPartitura\u201d<\/td>\n<td width=\"92\">T\u00eergu Mure\u015f<\/td>\n<\/tr>\n<tr>\n<td width=\"58\">5<\/td>\n<td width=\"326\">Colegiul Agricol Traian S\u0103vulescu<\/td>\n<td width=\"92\">T\u00eergu Mure\u015f<\/td>\n<\/tr>\n<tr>\n<td width=\"58\">6<\/td>\n<td width=\"326\">Teatrul Na\u021bional Tg. Mure\u0219<\/td>\n<td width=\"92\">T\u00eergu Mure\u015f<\/td>\n<\/tr>\n<tr>\n<td width=\"58\">7<\/td>\n<td width=\"326\">Fundatia Comunitara Mures<\/td>\n<td width=\"92\">T\u00eergu Mure\u015f<\/td>\n<\/tr>\n<tr>\n<td width=\"58\">8<\/td>\n<td width=\"326\">Liszt Ferenc Alapfoku Muveszeti Iskola<\/td>\n<td width=\"92\">Baja, Ungaria<\/td>\n<\/tr>\n<tr>\n<td width=\"58\">9<\/td>\n<td width=\"326\">Asociatia Scoala de Valori<\/td>\n<td width=\"92\">Bucuresti<\/td>\n<\/tr>\n<tr>\n<td width=\"58\">10<\/td>\n<td width=\"326\">Universitatea Dimitrie Cantemir<\/td>\n<td width=\"92\">T\u00eergu Mure\u015f<\/td>\n<\/tr>\n<tr>\n<td width=\"58\">11<\/td>\n<td width=\"326\">Organizatia Salvati Copiii<\/td>\n<td width=\"92\">T\u00eergu Mure\u015f<\/td>\n<\/tr>\n<tr>\n<td width=\"58\">12<\/td>\n<td width=\"326\">Asociatia Sansa Competitionala<\/td>\n<td width=\"92\">T\u00eergu Mure\u015f<\/td>\n<\/tr>\n<tr>\n<td width=\"58\">13<\/td>\n<td width=\"326\">Asocia\u021bia Cultural\u0103 Flori de pe Mure\u0219<\/td>\n<td width=\"92\">T\u00eergu Mure\u015f<\/td>\n<\/tr>\n<tr>\n<td width=\"58\">14<\/td>\n<td width=\"326\">Asocia\u021bia FOR CAMP<\/td>\n<td width=\"92\">T\u00eergu Mure\u015f<\/td>\n<\/tr>\n<tr>\n<td width=\"58\">15<\/td>\n<td width=\"326\">Ansamblul Artistic Profesionist Muresul<\/td>\n<td width=\"92\">T\u00eergu Mure\u015f<\/td>\n<\/tr>\n<tr>\n<td width=\"58\">16<\/td>\n<td width=\"326\">Universitatea de Arte Mures<\/td>\n<td width=\"92\">T\u00eergu Mure<\/td>\n<\/tr>\n<tr>\n<td width=\"58\">17<\/td>\n<td width=\"326\">Asocia\u021bia Rom\u00e2n\u0103 a prof. Francofoni-Rom\u00e2nia<\/td>\n<td width=\"92\">Ia\u0219i<\/td>\n<\/tr>\n<tr>\n<td width=\"58\">18<\/td>\n<td width=\"326\">AIESEC<\/td>\n<td width=\"92\">T\u00eergu Mure\u015f<\/td>\n<\/tr>\n<tr>\n<td width=\"58\">19<\/td>\n<td width=\"326\">Fundatia Comunitara Mures<\/td>\n<td width=\"92\">T\u00eergu Mure\u015f<\/td>\n<\/tr>\n<tr>\n<td width=\"58\">20<\/td>\n<td width=\"326\">Scoala Gimnaziala \u201cAlexandru Ceusianu\u201d<\/td>\n<td width=\"92\">Reghin<\/td>\n<\/tr>\n<tr>\n<td width=\"58\">21<\/td>\n<td width=\"326\">Asociatia \u201cOdaia Artistilor\u201d<\/td>\n<td width=\"92\">T\u00eergu Mure\u015f<\/td>\n<\/tr>\n<tr>\n<td width=\"58\">22<\/td>\n<td width=\"326\">Ministerul Justitiei, Inalta Curte de Casatie si Justitie<\/td>\n<td width=\"92\">Bucuresti<\/td>\n<\/tr>\n<tr>\n<td width=\"58\">23<\/td>\n<td width=\"326\">Univ. Oradea \u201cFacultatea de Arte\u201d<\/td>\n<td width=\"92\">Oradea<\/td>\n<\/tr>\n<tr>\n<td width=\"58\">24<\/td>\n<td width=\"326\">Biblioteca Judeteana<\/td>\n<td width=\"92\">Mures<\/td>\n<\/tr>\n<tr>\n<td width=\"58\">25<\/td>\n<td width=\"326\">Asociatia Minitremu<\/td>\n<td width=\"92\">Cristesti<\/td>\n<\/tr>\n<tr>\n<td width=\"58\">26<\/td>\n<td width=\"326\">Asociatia OUTREACH<\/td>\n<td width=\"92\">T\u00eergu Mure\u015f<\/td>\n<\/tr>\n<tr>\n<td width=\"58\">27<\/td>\n<td width=\"326\">Administratia Bazinala de Apa<\/td>\n<td width=\"92\">T\u00eergu Mure\u015f<\/td>\n<\/tr>\n<tr>\n<td width=\"58\">28<\/td>\n<td width=\"326\">Muzeul Judetean Mures<\/td>\n<td width=\"92\">T\u00eergu Mure\u015f<\/td>\n<\/tr>\n<tr>\n<td width=\"58\">29<\/td>\n<td width=\"326\">Asociatia Prietenii Artei<\/td>\n<td width=\"92\">T\u00eergu Mure\u015f<\/td>\n<\/tr>\n<tr>\n<td width=\"58\">30<\/td>\n<td width=\"326\">Uniunea Artistilor Plastici- Filiala Tirgu Mures<\/td>\n<td width=\"92\">T\u00eergu Mure\u015f<\/td>\n<\/tr>\n<tr>\n<td width=\"58\">31<\/td>\n<td width=\"326\">One World Romania<\/td>\n<td width=\"92\">Bucuresti<\/td>\n<\/tr>\n<tr>\n<td width=\"58\">32<\/td>\n<td width=\"326\">Scoala Gimnaziala G. Cosbuc<\/td>\n<td width=\"92\">T\u00eergu Mure\u015f<\/td>\n<\/tr>\n<tr>\n<td width=\"58\">33<\/td>\n<td width=\"326\">Asociatia \u201cDe-a arhitectura\u201d<\/td>\n<td width=\"92\">Bucuresti<\/td>\n<\/tr>\n<tr>\n<td width=\"58\">34<\/td>\n<td width=\"326\">CPECA Mures<\/td>\n<td width=\"92\">Tirgu Mures<\/td>\n<\/tr>\n<tr>\n<td width=\"58\">35<\/td>\n<td width=\"326\">Grupul Educativa<\/td>\n<td width=\"92\">Bucuresti<\/td>\n<\/tr>\n<tr>\n<td width=\"58\">36<\/td>\n<td width=\"326\">Fundatia Bonus Pastor<\/td>\n<td width=\"92\">T\u00eergu Mure\u015f<\/td>\n<\/tr>\n<tr>\n<td width=\"58\">37<\/td>\n<td width=\"326\">Fundatia Mater<\/td>\n<td width=\"92\">T\u00eergu Mure\u015f<\/td>\n<\/tr>\n<tr>\n<td width=\"58\">38<\/td>\n<td width=\"326\">Filarmonica de Stat Tirgu Mures<\/td>\n<td width=\"92\">T\u00eergu Mure\u015f<\/td>\n<\/tr>\n<tr>\n<td width=\"58\">39<\/td>\n<td width=\"326\">Pecsi Muveszeti Gimnazium es Szakgimnazium<\/td>\n<td width=\"92\">Pecs, Ungaria<\/td>\n<\/tr>\n<tr>\n<td width=\"58\">40<\/td>\n<td width=\"326\">Asociatia \u201cNeumarkt Events\u201d<\/td>\n<td width=\"92\">T\u00eergu Mure\u015f<\/td>\n<\/tr>\n<tr>\n<td width=\"58\">41<\/td>\n<td width=\"326\">ERASMUS+ KA2<\/td>\n<td width=\"92\"><img decoding=\"async\" src=\"ERASMUS_LVA.jpg\" alt=\"ERASMUS+ KA2\"><\/td>\n<\/tr>\n<\/tbody>\n<\/table>\n","protected":false},"excerpt":{"rendered":"<p>Lista protocoalelor, acordurilor de colaborare \u0219i a parteneriatelor \u00eencheiate de Liceul Voca\u021bional de Art\u0103 Nr.crt Institu\u0163ia \/ONG-ul Adresa 1 Asocia\u021bia \u201eClasic for kids\u201d T\u00eergu Mure\u015f 2 \u015ec. Gimnazial\u0103 Tudor Vladimirescu T\u00eergu Mure\u015f 3 Univ. Sapien\u021bia, Fac. de \u0218tiin\u021be Tehnice Cluj-Napoca 4 Asociatia Culturala \u201cPartitura\u201d T\u00eergu Mure\u015f 5 Colegiul Agricol Traian S\u0103vulescu T\u00eergu Mure\u015f 6 Teatrul&#8230;<\/p>\n","protected":false},"author":1,"featured_media":0,"parent":0,"menu_order":0,"comment_status":"closed","ping_status":"closed","template":"","meta":{"footnotes":""},"class_list":["post-1663","page","type-page","status-publish","hentry"],"_links":{"self":[{"href":"https:\/\/www.liceuldeartams.ro\/en\/wp-json\/wp\/v2\/pages\/1663","targetHints":{"allow":["GET"]}}],"collection":[{"href":"https:\/\/www.liceuldeartams.ro\/en\/wp-json\/wp\/v2\/pages"}],"about":[{"href":"https:\/\/www.liceuldeartams.ro\/en\/wp-json\/wp\/v2\/types\/page"}],"author":[{"embeddable":true,"href":"https:\/\/www.liceuldeartams.ro\/en\/wp-json\/wp\/v2\/users\/1"}],"replies":[{"embeddable":true,"href":"https:\/\/www.liceuldeartams.ro\/en\/wp-json\/wp\/v2\/comments?post=1663"}],"version-history":[{"count":5,"href":"https:\/\/www.liceuldeartams.ro\/en\/wp-json\/wp\/v2\/pages\/1663\/revisions"}],"predecessor-version":[{"id":11123,"href":"https:\/\/www.liceuldeartams.ro\/en\/wp-json\/wp\/v2\/pages\/1663\/revisions\/11123"}],"wp:attachment":[{"href":"https:\/\/www.liceuldeartams.ro\/en\/wp-json\/wp\/v2\/media?parent=1663"}],"curies":[{"name":"wp","href":"https:\/\/api.w.org\/{rel}","templated":true}]}}