{"id":1651,"date":"2017-02-16T10:28:12","date_gmt":"2017-02-16T08:28:12","guid":{"rendered":"http:\/\/www.liceuldeartams.ro\/conducere\/"},"modified":"2021-11-22T11:42:26","modified_gmt":"2021-11-22T09:42:26","slug":"conducere","status":"publish","type":"page","link":"https:\/\/www.liceuldeartams.ro\/en\/conducere\/","title":{"rendered":"Management"},"content":{"rendered":"\n<p>\u2003<em>&nbsp;\u201eCultura este o muzic\u0103 spiritual\u0103 a existen\u0163ei, o simfonie care prime\u015fte \u015fi radiaz\u0103.\u201d<\/em>&nbsp;(Vasile B\u0103ncil\u0103)<br>\u2003<em>&nbsp;\u201eLegea superioar\u0103 a existen\u0163ei este munca creatoare prin care l\u0103s\u0103m \u00een lume o urm\u0103 dup\u0103 ce nu vom mai fi, o oper\u0103 care prelunge\u015fte existen\u0163a \u015fi dup\u0103 moarte\u201d&nbsp;<\/em>(Leonardo Da Vinci)<\/p>\n\n\n\n<p><strong><u>THE VISION AND MISSION OF THE TG MURES ART HIGH SCHOOL<\/u><\/strong><br><br><br><\/p>\n\n\n\n<p>\u2003 A school in which education means Harmony, Accomplishments, Talent, Art<\/p>\n\n\n\n<p>\u2003 The Art High School from Tg Mures promotes an education oriented towards values, creativity, practical and cognitive abilities. We encourage a democratic student \u2013 teacher relationship and team work. We continuously apply communication, both internally and externally in order to facilitate each student\u2019s individual development. By doing this, we help students form their capacity to think, question and solve problems, to relate knowledge from different domains, to use their personal experience in creating new things, to develop functional competencies in order to socially succeed and to form a moral autonomy.<\/p>\n\n\n\n<p>\u2003Among the specific competencies we mention the sensitive reception of the artistic message, either visual or musical, so that a basic artistic education is rendered; the use of varied instruments and techniques, reading \u2013 writing elements and language specific for the visual arts and music; the expression of ideas, feelings and messages, by using specific artistic language in various contexts, but also by interpreting musical pieces; the appreciation of musical pieces, their affective and ideal content.<\/p>\n\n\n\n<p>\u2003Our mission is to assure the maximum development of each student\u2019s potential, by emphasizing the acquirement of the values promoted by our school and by having in mind the achieving of specific competencies which will assure the educational services necessary for satisfying the need of the community for life &#8211; long learning.&nbsp;<em>\u201cTo offer culture means to offer thirst, the rest is a consequence\u201d.&nbsp;<\/em>(Antonie De Saint-Exupery)<\/p>\n\n\n\n<p>Prof. Grozav Diana Sabina<\/p>\n\n\n\n<p><em>Principal<\/em><\/p>\n\n\n\n<p>Prof. Dr. Aved Eva<\/p>\n\n\n\n<p><em>Vice-principal<\/em><\/p>\n\n\n\n<p><\/p>\n\n\n\n<p>Prof. dr. Neme\u0219 Ioana<\/p>\n\n\n\n<p>responsible Commission for Quality Evaluation and Assurance (CEAC)<\/p>\n\n\n\n<p><\/p>\n\n\n\n<p>Prof. P\u0103curar Ioana<\/p>\n\n\n\n<p><em>Educational adviser<\/em><\/p>\n\n\n\n<p>Project and Educational School and extracurricular Programme coordinator<\/p>\n","protected":false},"excerpt":{"rendered":"<p>\u2003&nbsp;\u201eCultura este o muzic\u0103 spiritual\u0103 a existen\u0163ei, o simfonie care prime\u015fte \u015fi radiaz\u0103.\u201d&nbsp;(Vasile B\u0103ncil\u0103)\u2003&nbsp;\u201eLegea superioar\u0103 a existen\u0163ei este munca creatoare prin care l\u0103s\u0103m \u00een lume o urm\u0103 dup\u0103 ce nu vom mai fi, o oper\u0103 care prelunge\u015fte existen\u0163a \u015fi dup\u0103 moarte\u201d&nbsp;(Leonardo Da Vinci) THE VISION AND MISSION OF THE TG MURES ART HIGH SCHOOL \u2003&#8230;<\/p>\n","protected":false},"author":1,"featured_media":0,"parent":0,"menu_order":0,"comment_status":"closed","ping_status":"closed","template":"","meta":{"footnotes":""},"class_list":["post-1651","page","type-page","status-publish","hentry"],"_links":{"self":[{"href":"https:\/\/www.liceuldeartams.ro\/en\/wp-json\/wp\/v2\/pages\/1651","targetHints":{"allow":["GET"]}}],"collection":[{"href":"https:\/\/www.liceuldeartams.ro\/en\/wp-json\/wp\/v2\/pages"}],"about":[{"href":"https:\/\/www.liceuldeartams.ro\/en\/wp-json\/wp\/v2\/types\/page"}],"author":[{"embeddable":true,"href":"https:\/\/www.liceuldeartams.ro\/en\/wp-json\/wp\/v2\/users\/1"}],"replies":[{"embeddable":true,"href":"https:\/\/www.liceuldeartams.ro\/en\/wp-json\/wp\/v2\/comments?post=1651"}],"version-history":[{"count":3,"href":"https:\/\/www.liceuldeartams.ro\/en\/wp-json\/wp\/v2\/pages\/1651\/revisions"}],"predecessor-version":[{"id":10424,"href":"https:\/\/www.liceuldeartams.ro\/en\/wp-json\/wp\/v2\/pages\/1651\/revisions\/10424"}],"wp:attachment":[{"href":"https:\/\/www.liceuldeartams.ro\/en\/wp-json\/wp\/v2\/media?parent=1651"}],"curies":[{"name":"wp","href":"https:\/\/api.w.org\/{rel}","templated":true}]}}