{"id":1648,"date":"2017-02-16T10:28:38","date_gmt":"2017-02-16T08:28:38","guid":{"rendered":"http:\/\/www.liceuldeartams.ro\/personal-nedidactic\/"},"modified":"2024-11-21T13:30:39","modified_gmt":"2024-11-21T11:30:39","slug":"personal-nedidactic","status":"publish","type":"page","link":"https:\/\/www.liceuldeartams.ro\/en\/personal-nedidactic\/","title":{"rendered":"Personal nedidactic"},"content":{"rendered":"<ol>\n<li><strong> PERSONAL NEDIDACTIC :<\/strong><\/li>\n<\/ol>\n<table width=\"646\">\n<tbody>\n<tr>\n<td width=\"33\"><strong>Nr. crt.<\/strong><\/td>\n<td width=\"169\"><strong>Nume \u0219i Prenume<\/strong><\/td>\n<td width=\"102\"><strong>Func\u0163ia<\/strong><\/td>\n<\/tr>\n<tr>\n<td width=\"33\">1.<\/td>\n<td width=\"169\">FALUVEGI <\/td>\n<td width=\"102\">Fochist<\/td>\n<\/tr>\n<tr>\n<td width=\"33\">2.<\/td>\n<td width=\"169\">BORDA\u0218 ADRIAN PETRU<\/td>\n<td width=\"102\">Fochist<\/td>\n<\/tr>\n<tr>\n<td width=\"33\">3.<\/td>\n<td width=\"169\">KOZMA ERZSEBET<\/td>\n<td width=\"102\">\u00cengrijitoare<\/td>\n<\/tr>\n<tr>\n<td width=\"33\">4.<\/td>\n<td width=\"169\">COTOAR\u0102 ZAMFIRA<\/td>\n<td width=\"102\">\u00cengrijitoare<\/td>\n<\/tr>\n<tr>\n<td width=\"33\">5.<\/td>\n<td width=\"169\">BERES GIZELLA<\/td>\n<td width=\"102\">\u00cengrijitoare<\/td>\n<\/tr>\n<tr>\n<td width=\"33\">6.<\/td>\n<td width=\"169\">LAK\u00d3 IR\u00c9N<\/td>\n<td width=\"102\">\u00cengrijitoare<\/td>\n<\/tr>\n<tr>\n<td width=\"33\">7.<\/td>\n<td width=\"169\">VASZI ROZ\u00c1LIA<\/td>\n<td width=\"102\">\u00cengrijitoare<\/td>\n<\/tr>\n<tr>\n<td width=\"33\">8.<\/td>\n<td width=\"169\">TAR EDIT<\/td>\n<td width=\"102\">\u00cengrijitoare<\/td>\n<\/tr>\n<\/tbody>\n<\/table>\n<table width=\"646\">\n<tbody>\n<tr>\n<td width=\"48\">9.<\/td>\n<td width=\"152\">MULLER DAN<\/td>\n<td width=\"142\">Portar<\/td>\n<\/tr>\n<tr>\n<td width=\"48\">10.<\/td>\n<td width=\"152\">SZATHM\u00c1RY ATTILA<\/td>\n<td width=\"142\">Portar<\/td>\n<\/tr>\n<tr>\n<td width=\"48\">11.<\/td>\n<td width=\"152\">CIOLOBOC FLORINEL<\/td>\n<td width=\"142\">Portar<\/td>\n<\/tr>\n<tr>\n<td width=\"48\">12.<\/td>\n<td width=\"152\">SZ\u00c9KELY IMRE<\/td>\n<td width=\"142\">Portar<\/td>\n<\/tr>\n<tr>\n<td width=\"48\">13.<\/td>\n<td width=\"152\">BAK\u00d3 LEVENTE<\/td>\n<td width=\"142\">T\u00e2mplar\/ Electrician<\/td>\n<\/tr>\n<tr>\n<td width=\"48\">14.<\/td>\n<td width=\"152\">COTOAR\u0102 IOAN<\/td>\n<td width=\"142\">T\u00e2mplar\/ intretinere<\/td>\n<\/tr>\n<\/tbody>\n<\/table>\n","protected":false},"excerpt":{"rendered":"<p>PERSONAL NEDIDACTIC : Nr. crt. Nume \u0219i Prenume Func\u0163ia 1. FALUVEGI Fochist 2. BORDA\u0218 ADRIAN PETRU Fochist 3. KOZMA ERZSEBET \u00cengrijitoare 4. COTOAR\u0102 ZAMFIRA \u00cengrijitoare 5. BERES GIZELLA \u00cengrijitoare 6. LAK\u00d3 IR\u00c9N \u00cengrijitoare 7. VASZI ROZ\u00c1LIA \u00cengrijitoare 8. TAR EDIT \u00cengrijitoare 9. MULLER DAN Portar 10. SZATHM\u00c1RY ATTILA Portar 11. CIOLOBOC FLORINEL Portar 12. SZ\u00c9KELY&#8230;<\/p>\n","protected":false},"author":1,"featured_media":0,"parent":0,"menu_order":0,"comment_status":"closed","ping_status":"closed","template":"","meta":{"footnotes":""},"class_list":["post-1648","page","type-page","status-publish","hentry"],"_links":{"self":[{"href":"https:\/\/www.liceuldeartams.ro\/en\/wp-json\/wp\/v2\/pages\/1648","targetHints":{"allow":["GET"]}}],"collection":[{"href":"https:\/\/www.liceuldeartams.ro\/en\/wp-json\/wp\/v2\/pages"}],"about":[{"href":"https:\/\/www.liceuldeartams.ro\/en\/wp-json\/wp\/v2\/types\/page"}],"author":[{"embeddable":true,"href":"https:\/\/www.liceuldeartams.ro\/en\/wp-json\/wp\/v2\/users\/1"}],"replies":[{"embeddable":true,"href":"https:\/\/www.liceuldeartams.ro\/en\/wp-json\/wp\/v2\/comments?post=1648"}],"version-history":[{"count":6,"href":"https:\/\/www.liceuldeartams.ro\/en\/wp-json\/wp\/v2\/pages\/1648\/revisions"}],"predecessor-version":[{"id":11946,"href":"https:\/\/www.liceuldeartams.ro\/en\/wp-json\/wp\/v2\/pages\/1648\/revisions\/11946"}],"wp:attachment":[{"href":"https:\/\/www.liceuldeartams.ro\/en\/wp-json\/wp\/v2\/media?parent=1648"}],"curies":[{"name":"wp","href":"https:\/\/api.w.org\/{rel}","templated":true}]}}