{"id":1647,"date":"2017-02-16T10:28:38","date_gmt":"2017-02-16T08:28:38","guid":{"rendered":"http:\/\/www.liceuldeartams.ro\/personal-nedidactic\/"},"modified":"2022-01-17T11:58:46","modified_gmt":"2022-01-17T09:58:46","slug":"personal-nedidactic-3","status":"publish","type":"page","link":"https:\/\/www.liceuldeartams.ro\/en\/personal-nedidactic-3\/","title":{"rendered":"Personal nedidactic"},"content":{"rendered":"<ol>\n<li><strong>PERSONAL NEDIDACTIC:<\/strong><\/li>\n<\/ol>\n<p><strong>\u00a0<\/strong><\/p>\n<table width=\"646\">\n<tbody>\n<tr>\n<td width=\"33\"><strong>Nr. crt.<\/strong><\/td>\n<td width=\"169\"><strong>Nume \u0219i Prenume<\/strong><\/td>\n<td width=\"102\"><strong>Func\u0163ia<\/strong><\/td>\n<td width=\"48\"><strong>Nr. crt.<\/strong><\/td>\n<td width=\"152\"><strong>Nume \u0219i Prenume<\/strong><\/td>\n<td width=\"142\"><strong>Func\u0163ia<\/strong><\/td>\n<\/tr>\n<tr>\n<td width=\"33\">1.<\/td>\n<td width=\"169\">FORRAI TAM\u00c1S<\/td>\n<td width=\"102\">Fochist<\/td>\n<td width=\"48\">10.<\/td>\n<td width=\"152\">MULLER DAN<\/td>\n<td width=\"142\">Portar<\/td>\n<\/tr>\n<tr>\n<td width=\"33\">2.<\/td>\n<td width=\"169\">SZ\u00c9KELY MIHAI<\/td>\n<td width=\"102\">Fochist<\/td>\n<td width=\"48\">11.<\/td>\n<td width=\"152\">STORCH ADRIAN<\/td>\n<td width=\"142\">Portar<\/td>\n<\/tr>\n<tr>\n<td width=\"33\">3.<\/td>\n<td width=\"169\">KOZMA ERZSEBET<\/td>\n<td width=\"102\">\u00cengrijitoare<\/td>\n<td width=\"48\">12.<\/td>\n<td width=\"152\">SZAB\u00d3 CSABA \u00c1RP\u00c1D<\/td>\n<td width=\"142\">Portar<\/td>\n<\/tr>\n<tr>\n<td width=\"33\">4.<\/td>\n<td width=\"169\">COTOAR\u0102 ZAMFIRA<\/td>\n<td width=\"102\">\u00cengrijitoare<\/td>\n<td width=\"48\">13.<\/td>\n<td width=\"152\">SZ\u00c9KELY IMRE<\/td>\n<td width=\"142\">Portar<\/td>\n<\/tr>\n<tr>\n<td width=\"33\">5.<\/td>\n<td width=\"169\">KOV\u00c1CS- B\u00c1NYAI GIZELLA<\/td>\n<td width=\"102\">\u00cengrijitoare<\/td>\n<td width=\"48\">14.<\/td>\n<td width=\"152\">BAK\u00d3 LEVENTE<\/td>\n<td width=\"142\">T\u00e2mplar\/ Electrician<\/td>\n<\/tr>\n<tr>\n<td width=\"33\">6.<\/td>\n<td width=\"169\">KOV\u00c1CS GYONGYVER<\/td>\n<td width=\"102\">\u00cengrijitoare<\/td>\n<td width=\"48\">15.<\/td>\n<td width=\"152\">COTOAR\u0102 IOAN<\/td>\n<td width=\"142\">T\u00e2mplar\/ intretinere<\/td>\n<\/tr>\n<tr>\n<td width=\"33\">7.<\/td>\n<td width=\"169\">LAK\u00d3 IR\u00c9N<\/td>\n<td width=\"102\">\u00cengrijitoare<\/td>\n<td width=\"48\">&nbsp;<\/td>\n<td width=\"152\">&nbsp;<\/td>\n<td width=\"142\">&nbsp;<\/td>\n<\/tr>\n<tr>\n<td width=\"33\">8.<\/td>\n<td width=\"169\">LUK\u00c1CS ROZ\u00c1LIA<\/td>\n<td width=\"102\">\u00cengrijitoare<\/td>\n<td width=\"48\">&nbsp;<\/td>\n<td width=\"152\">&nbsp;<\/td>\n<td width=\"142\">&nbsp;<\/td>\n<\/tr>\n<tr>\n<td width=\"33\">9.<\/td>\n<td width=\"169\">TAR EDIT<\/td>\n<td width=\"102\">\u00cengrijitoare<\/td>\n<td width=\"48\">&nbsp;<\/td>\n<td width=\"152\">&nbsp;<\/td>\n<td width=\"142\">&nbsp;<\/td>\n<\/tr>\n<\/tbody>\n<\/table>\n","protected":false},"excerpt":{"rendered":"<p>PERSONAL NEDIDACTIC: \u00a0 Nr. crt. Nume \u0219i Prenume Func\u0163ia Nr. crt. Nume \u0219i Prenume Func\u0163ia 1. FORRAI TAM\u00c1S Fochist 10. MULLER DAN Portar 2. SZ\u00c9KELY MIHAI Fochist 11. STORCH ADRIAN Portar 3. KOZMA ERZSEBET \u00cengrijitoare 12. SZAB\u00d3 CSABA \u00c1RP\u00c1D Portar 4. COTOAR\u0102 ZAMFIRA \u00cengrijitoare 13. SZ\u00c9KELY IMRE Portar 5. KOV\u00c1CS- B\u00c1NYAI GIZELLA \u00cengrijitoare 14. BAK\u00d3&#8230;<\/p>\n","protected":false},"author":1,"featured_media":0,"parent":0,"menu_order":0,"comment_status":"closed","ping_status":"closed","template":"","meta":{"footnotes":""},"class_list":["post-1647","page","type-page","status-publish","hentry"],"_links":{"self":[{"href":"https:\/\/www.liceuldeartams.ro\/en\/wp-json\/wp\/v2\/pages\/1647","targetHints":{"allow":["GET"]}}],"collection":[{"href":"https:\/\/www.liceuldeartams.ro\/en\/wp-json\/wp\/v2\/pages"}],"about":[{"href":"https:\/\/www.liceuldeartams.ro\/en\/wp-json\/wp\/v2\/types\/page"}],"author":[{"embeddable":true,"href":"https:\/\/www.liceuldeartams.ro\/en\/wp-json\/wp\/v2\/users\/1"}],"replies":[{"embeddable":true,"href":"https:\/\/www.liceuldeartams.ro\/en\/wp-json\/wp\/v2\/comments?post=1647"}],"version-history":[{"count":2,"href":"https:\/\/www.liceuldeartams.ro\/en\/wp-json\/wp\/v2\/pages\/1647\/revisions"}],"predecessor-version":[{"id":10605,"href":"https:\/\/www.liceuldeartams.ro\/en\/wp-json\/wp\/v2\/pages\/1647\/revisions\/10605"}],"wp:attachment":[{"href":"https:\/\/www.liceuldeartams.ro\/en\/wp-json\/wp\/v2\/media?parent=1647"}],"curies":[{"name":"wp","href":"https:\/\/api.w.org\/{rel}","templated":true}]}}