{"id":1617,"date":"2017-02-16T15:17:35","date_gmt":"2017-02-16T13:17:35","guid":{"rendered":"http:\/\/www.liceuldeartams.ro\/metodologie_arteplastice_iv\/"},"modified":"2023-03-01T13:43:51","modified_gmt":"2023-03-01T11:43:51","slug":"metodologie_arteplastice_iv-2","status":"publish","type":"page","link":"https:\/\/www.liceuldeartams.ro\/en\/metodologie_arteplastice_iv-2\/","title":{"rendered":"Metodologie arte plastice clasa a V-a"},"content":{"rendered":"<hr \/>\n<p><img decoding=\"async\" src=\"http:\/\/www.liceuldeartams.ro\/wp-content\/uploads\/2023\/03\/Pregatiri_AP_V.jpg\" alt=\"Preg\u0103tiri pentru probele de aptitudini clasa V  S\u00e2mb\u0103t\u0103, 22, 29 aprilie, 6 mai 2023, Orele 9-12 Sec\u021bia Rom\u00e2n\u0103 + Maghiar\u0103 la Atelierele de pe str. M\u0103r\u0103\u0219ti 8\/A\" \/><\/p>\n<hr \/>\n<h4><b><u>DATA: 17.05.2022<\/u><\/b><\/h4>\n<h4><b><a href=\"http:\/\/www.liceuldeartams.ro\/wp-content\/uploads\/2022\/05\/examen_diferenta_IUNIE_2022.pdf\">EXAMEN DE DIFERENTA 2022<\/a><\/b><\/h4>\n<h4><b><a href=\"http:\/\/www.liceuldeartams.ro\/wp-content\/uploads\/2022\/05\/PROGRAM_ADMITERE_2022__XI_V.pdf\">PROCEDURA DE DESF\u0102\u015eURARE A PROBELOR DE APTITUDINI PENTRU ADMITEREA \u00ceN CLASA A V-A SI CLASA A IX-A 2022<\/a><\/b><\/h4>\n<hr \/>\n<h4><b><u>DATA: 13.05.2022<\/u><\/b><\/h4>\n<p><img decoding=\"async\" src=\"http:\/\/www.liceuldeartams.ro\/wp-content\/uploads\/2022\/05\/Admitere_V_2022.jpg\" alt=\"Afi\u0219 Admitere \u00een clasa a V-a - 2022\" \/><\/p>\n","protected":false},"excerpt":{"rendered":"<p>DATA: 17.05.2022 EXAMEN DE DIFERENTA 2022 PROCEDURA DE DESF\u0102\u015eURARE A PROBELOR DE APTITUDINI PENTRU ADMITEREA \u00ceN CLASA A V-A SI CLASA A IX-A 2022 DATA: 13.05.2022<\/p>\n","protected":false},"author":1,"featured_media":0,"parent":0,"menu_order":0,"comment_status":"closed","ping_status":"closed","template":"","meta":{"footnotes":""},"class_list":["post-1617","page","type-page","status-publish","hentry"],"_links":{"self":[{"href":"https:\/\/www.liceuldeartams.ro\/en\/wp-json\/wp\/v2\/pages\/1617","targetHints":{"allow":["GET"]}}],"collection":[{"href":"https:\/\/www.liceuldeartams.ro\/en\/wp-json\/wp\/v2\/pages"}],"about":[{"href":"https:\/\/www.liceuldeartams.ro\/en\/wp-json\/wp\/v2\/types\/page"}],"author":[{"embeddable":true,"href":"https:\/\/www.liceuldeartams.ro\/en\/wp-json\/wp\/v2\/users\/1"}],"replies":[{"embeddable":true,"href":"https:\/\/www.liceuldeartams.ro\/en\/wp-json\/wp\/v2\/comments?post=1617"}],"version-history":[{"count":6,"href":"https:\/\/www.liceuldeartams.ro\/en\/wp-json\/wp\/v2\/pages\/1617\/revisions"}],"predecessor-version":[{"id":11197,"href":"https:\/\/www.liceuldeartams.ro\/en\/wp-json\/wp\/v2\/pages\/1617\/revisions\/11197"}],"wp:attachment":[{"href":"https:\/\/www.liceuldeartams.ro\/en\/wp-json\/wp\/v2\/media?parent=1617"}],"curies":[{"name":"wp","href":"https:\/\/api.w.org\/{rel}","templated":true}]}}