{"id":12286,"date":"2025-06-26T16:21:35","date_gmt":"2025-06-26T14:21:35","guid":{"rendered":"https:\/\/www.liceuldeartams.ro\/?page_id=12286"},"modified":"2025-06-26T16:58:53","modified_gmt":"2025-06-26T14:58:53","slug":"avertizor_integritate","status":"publish","type":"page","link":"https:\/\/www.liceuldeartams.ro\/en\/avertizor_integritate\/","title":{"rendered":"Avertizor de integritate"},"content":{"rendered":"<hr>\n<p><H1><B><U>ACEAST\u0102 PAGIN\u0102 ESTE \u00ceN LUCRU! &#8230; <\/U><\/B><\/H1><\/p>\n<hr>\n<p><BR><br \/>\n<H3><B><U>AVERTIZOR DE INTEGRITATE<\/U><\/B><\/H3><br \/>\n<BR><br \/>\n<LI><b><a href=\"http:\/\/www.liceuldeartams.ro\/wp-content\/uploads\/2025\/06\/LEGEA_361_2022__Avertizorul_Public.pdf\">LEGEA Nr. 361\/2022 din 16 decembrie 2022 privind protec\u021bia avertizorilor \u00een interes public<\/a><\/b><br \/>\n<\/LI><br \/>\n<BR><br \/>\n<a href=\"http:\/\/www.liceuldeartams.ro\/wp-content\/uploads\/2025\/06\/CanalRapAvertizorIntegritate.jpg\"><br \/>\n<img decoding=\"async\" src=\"http:\/\/www.liceuldeartams.ro\/wp-content\/uploads\/2025\/06\/CanalRapAvertizorIntegritate.jpg\" alt=\"RCanalRapAvertizorIntegritate.jpg\" \/><\/a><\/p>\n<hr>\n","protected":false},"excerpt":{"rendered":"<p>ACEAST\u0102 PAGIN\u0102 ESTE \u00ceN LUCRU! &#8230; AVERTIZOR DE INTEGRITATE LEGEA Nr. 361\/2022 din 16 decembrie 2022 privind protec\u021bia avertizorilor \u00een interes public<\/p>\n","protected":false},"author":3,"featured_media":0,"parent":0,"menu_order":0,"comment_status":"closed","ping_status":"closed","template":"","meta":{"footnotes":""},"class_list":["post-12286","page","type-page","status-publish","hentry"],"_links":{"self":[{"href":"https:\/\/www.liceuldeartams.ro\/en\/wp-json\/wp\/v2\/pages\/12286","targetHints":{"allow":["GET"]}}],"collection":[{"href":"https:\/\/www.liceuldeartams.ro\/en\/wp-json\/wp\/v2\/pages"}],"about":[{"href":"https:\/\/www.liceuldeartams.ro\/en\/wp-json\/wp\/v2\/types\/page"}],"author":[{"embeddable":true,"href":"https:\/\/www.liceuldeartams.ro\/en\/wp-json\/wp\/v2\/users\/3"}],"replies":[{"embeddable":true,"href":"https:\/\/www.liceuldeartams.ro\/en\/wp-json\/wp\/v2\/comments?post=12286"}],"version-history":[{"count":13,"href":"https:\/\/www.liceuldeartams.ro\/en\/wp-json\/wp\/v2\/pages\/12286\/revisions"}],"predecessor-version":[{"id":12301,"href":"https:\/\/www.liceuldeartams.ro\/en\/wp-json\/wp\/v2\/pages\/12286\/revisions\/12301"}],"wp:attachment":[{"href":"https:\/\/www.liceuldeartams.ro\/en\/wp-json\/wp\/v2\/media?parent=12286"}],"curies":[{"name":"wp","href":"https:\/\/api.w.org\/{rel}","templated":true}]}}