{"id":1600,"date":"2017-02-16T15:19:53","date_gmt":"2017-02-16T13:19:53","guid":{"rendered":"http:\/\/www.liceuldeartams.ro\/rezultate_arhitectura_ix\/"},"modified":"2022-05-23T12:34:37","modified_gmt":"2022-05-23T10:34:37","slug":"rezultate_arhitectura_ix-3","status":"publish","type":"page","link":"http:\/\/www.liceuldeartams.ro\/hu\/rezultate_arhitectura_ix-3\/","title":{"rendered":"Rezultate arhitectur\u0103 clasa a IX-a"},"content":{"rendered":"<h4><b><u>DATA: 23.05.2022 <\/u><\/p>\n<h4><b>REZULTATELE LA PROBELE DE APTITUDINI PENTRU ADMITERE \u00ceN CLASA A IX-A VOR FI \u00ceNC\u0102RCATE PE WEBSITE DUP\u0102 ORA 14:00!<\/a><\/b><\/h4>\n<p><!--\n\n\n\n<hr \/>\n\n\n\n\n<h5><b><a href=\"http:\/\/www.liceuldeartams.ro\/wp-content\/uploads\/2022\/05\/aptit_arhitectura_RO_2022.pdf\">REZULTATE APTITUDINI ARHITECTUR\u0102 - SEC\u021aIA ROM\u00c2N\u0102 - 2022<\/a><\/b><\/h5>\n\n\n\n\n<h5><b><a href=\"http:\/\/www.liceuldeartams.ro\/wp-content\/uploads\/2022\/05\/aptit_arhitectura_MA_2022.pdf\">REZULTATE APTITUDINI ARHITECTUR\u0102  - SEC\u021aIA MAGHIAR\u0102 - 2022<\/a><\/b><\/h5>\n\n\n\n\n<h5><b><a href=\"http:\/\/www.liceuldeartams.ro\/wp-content\/uploads\/2022\/05\/aptit_arhitectura_MA_CES_2022.pdf\">REZULTATE APTITUDINI ARHITECTUR\u0102 - SEC\u021aIA MAGHIAR\u0102 - CES - 2022<\/a><\/b><\/h5>\n\n\n--><br \/>\n<!-- --><\/p>\n","protected":false},"excerpt":{"rendered":"<p>DATA: 23.05.2022 REZULTATELE LA PROBELE DE APTITUDINI PENTRU ADMITERE \u00ceN CLASA A IX-A VOR FI \u00ceNC\u0102RCATE PE WEBSITE DUP\u0102 ORA 14:00!<\/p>\n","protected":false},"author":1,"featured_media":0,"parent":0,"menu_order":0,"comment_status":"closed","ping_status":"closed","template":"","meta":{"footnotes":""},"class_list":["post-1600","page","type-page","status-publish","hentry"],"_links":{"self":[{"href":"http:\/\/www.liceuldeartams.ro\/hu\/wp-json\/wp\/v2\/pages\/1600","targetHints":{"allow":["GET"]}}],"collection":[{"href":"http:\/\/www.liceuldeartams.ro\/hu\/wp-json\/wp\/v2\/pages"}],"about":[{"href":"http:\/\/www.liceuldeartams.ro\/hu\/wp-json\/wp\/v2\/types\/page"}],"author":[{"embeddable":true,"href":"http:\/\/www.liceuldeartams.ro\/hu\/wp-json\/wp\/v2\/users\/1"}],"replies":[{"embeddable":true,"href":"http:\/\/www.liceuldeartams.ro\/hu\/wp-json\/wp\/v2\/comments?post=1600"}],"version-history":[{"count":2,"href":"http:\/\/www.liceuldeartams.ro\/hu\/wp-json\/wp\/v2\/pages\/1600\/revisions"}],"predecessor-version":[{"id":10939,"href":"http:\/\/www.liceuldeartams.ro\/hu\/wp-json\/wp\/v2\/pages\/1600\/revisions\/10939"}],"wp:attachment":[{"href":"http:\/\/www.liceuldeartams.ro\/hu\/wp-json\/wp\/v2\/media?parent=1600"}],"curies":[{"name":"wp","href":"https:\/\/api.w.org\/{rel}","templated":true}]}}